{"id":43139,"date":"2023-03-29T12:32:17","date_gmt":"2023-03-29T10:32:17","guid":{"rendered":"https:\/\/bizimugi.eu\/?page_id=43139"},"modified":"2023-09-27T17:11:35","modified_gmt":"2023-09-27T15:11:35","slug":"ehb2023","status":"publish","type":"page","link":"https:\/\/bizimugi.eu\/eu\/ehb2023\/","title":{"rendered":"Euskal Herria Burujabe 2023 &#8211; Klimaren desafioa altxa dezagun Euskal Herrian!"},"content":{"rendered":"\n<p>2023ko urriaren <strong>7 eta 8an<\/strong>, milaka izan gaitezen Baionan <strong>Euskal Herria Burujaberentzat<\/strong>!<br \/><br \/>Kontzertuak, hitzaldiak, bazkariak, erakusmahaiak, erakusketak, proiekzioak, testigantzak, eztabaidak, jarduera ludikoak asteburu osoan iraganen dira.<br \/><br \/>Zatoz  klimaren erronkari erantzuten dioten  eta Euskal Herri jasangarri, solidario eta burujabe bat sortzen duten  alternatiben  ezagutzera. Gure lurralde mailan, lagundu dezagun mundu hobea, justuagoa eta jasangarriagoa eraikitzen!<br \/><br \/>Baionako erdigunea autoetarik libratua izanen da, karrikak eta plazak okupatuak eta bereziki antolatuak karia horretara. Urriaren 7an, larunbatarekin, 14:00etatik aitzina, hitzordua finkatua zaizue! <\/p>\n\n\n\n<div class=\"wp-block-button aligncenter\"><a class=\"wp-block-button__link\" href=\"https:\/\/bizimugi.eu\/wp-content\/uploads\/2023\/09\/Programme-complet-EHB-2.pdf\"> Programa deskubritu!<\/a><\/div>\n\n\n\n<figure class=\"wp-block-gallery columns-2 is-cropped wp-block-gallery-1 is-layout-flex wp-block-gallery-is-layout-flex\"><ul class=\"blocks-gallery-grid\"><li class=\"blocks-gallery-item\"><figure><img loading=\"lazy\" decoding=\"async\" width=\"500\" height=\"225\" src=\"https:\/\/bizimugi.eu\/wp-content\/uploads\/2023\/09\/Alternatiba-march\u00e9-1-500x225.jpg\" alt=\"\" data-id=\"44708\" data-full-url=\"https:\/\/bizimugi.eu\/wp-content\/uploads\/2023\/09\/Alternatiba-march\u00e9-1.jpg\" data-link=\"https:\/\/bizimugi.eu\/ehb2023\/alternatiba-marche-1\" class=\"wp-image-44708\" srcset=\"https:\/\/bizimugi.eu\/wp-content\/uploads\/2023\/09\/Alternatiba-march\u00e9-1-500x225.jpg 500w, https:\/\/bizimugi.eu\/wp-content\/uploads\/2023\/09\/Alternatiba-march\u00e9-1-300x135.jpg 300w, https:\/\/bizimugi.eu\/wp-content\/uploads\/2023\/09\/Alternatiba-march\u00e9-1-768x346.jpg 768w, https:\/\/bizimugi.eu\/wp-content\/uploads\/2023\/09\/Alternatiba-march\u00e9-1-1536x692.jpg 1536w, https:\/\/bizimugi.eu\/wp-content\/uploads\/2023\/09\/Alternatiba-march\u00e9-1-600x270.jpg 600w, https:\/\/bizimugi.eu\/wp-content\/uploads\/2023\/09\/Alternatiba-march\u00e9-1.jpg 1600w\" sizes=\"(max-width: 500px) 100vw, 500px\" \/><\/figure><\/li><li class=\"blocks-gallery-item\"><figure><img loading=\"lazy\" decoding=\"async\" width=\"500\" height=\"270\" src=\"https:\/\/bizimugi.eu\/wp-content\/uploads\/2023\/09\/Alternatiba-2013-500x270.jpg\" alt=\"\" data-id=\"44706\" data-full-url=\"https:\/\/bizimugi.eu\/wp-content\/uploads\/2023\/09\/Alternatiba-2013.jpg\" data-link=\"https:\/\/bizimugi.eu\/ehb2023\/alternatiba-2013\" class=\"wp-image-44706\" srcset=\"https:\/\/bizimugi.eu\/wp-content\/uploads\/2023\/09\/Alternatiba-2013-500x270.jpg 500w, https:\/\/bizimugi.eu\/wp-content\/uploads\/2023\/09\/Alternatiba-2013-300x162.jpg 300w, https:\/\/bizimugi.eu\/wp-content\/uploads\/2023\/09\/Alternatiba-2013-768x415.jpg 768w, https:\/\/bizimugi.eu\/wp-content\/uploads\/2023\/09\/Alternatiba-2013-1536x829.jpg 1536w, https:\/\/bizimugi.eu\/wp-content\/uploads\/2023\/09\/Alternatiba-2013-600x324.jpg 600w, https:\/\/bizimugi.eu\/wp-content\/uploads\/2023\/09\/Alternatiba-2013.jpg 1600w\" sizes=\"(max-width: 500px) 100vw, 500px\" \/><\/figure><\/li><\/ul><\/figure>\n\n\n\n<h2 class=\"has-text-align-center wp-block-heading\"> Besta herrikoia<\/h2>\n\n\n\n<p>Bi besta giroko arrats hauentzat artistak eta DJak aitzin ikusiak dira.  <strong>Zea Mays<\/strong> rock taldea zerrendaburu izanen da urriaren 7an, larunbatarekin!<br \/><br \/>Igande arratsean, <strong>Zoufris Maracas<\/strong>ek girotuko du bere estilo bereziarekin mezuekilako kantuak eta munduko musikak nahasiz.<\/p>\n\n\n\n<figure class=\"wp-block-gallery columns-2 is-cropped wp-block-gallery-2 is-layout-flex wp-block-gallery-is-layout-flex\"><ul class=\"blocks-gallery-grid\"><li class=\"blocks-gallery-item\"><figure><img loading=\"lazy\" decoding=\"async\" width=\"500\" height=\"242\" src=\"https:\/\/bizimugi.eu\/wp-content\/uploads\/2023\/09\/zeamays-500x242.jpg\" alt=\"\" data-id=\"44720\" data-full-url=\"https:\/\/bizimugi.eu\/wp-content\/uploads\/2023\/09\/zeamays.jpg\" data-link=\"https:\/\/bizimugi.eu\/ehb2023\/zeamays\" class=\"wp-image-44720\" srcset=\"https:\/\/bizimugi.eu\/wp-content\/uploads\/2023\/09\/zeamays-500x242.jpg 500w, https:\/\/bizimugi.eu\/wp-content\/uploads\/2023\/09\/zeamays-300x145.jpg 300w, https:\/\/bizimugi.eu\/wp-content\/uploads\/2023\/09\/zeamays-768x371.jpg 768w, https:\/\/bizimugi.eu\/wp-content\/uploads\/2023\/09\/zeamays-600x290.jpg 600w, https:\/\/bizimugi.eu\/wp-content\/uploads\/2023\/09\/zeamays.jpg 995w\" sizes=\"(max-width: 500px) 100vw, 500px\" \/><\/figure><\/li><li class=\"blocks-gallery-item\"><figure><img loading=\"lazy\" decoding=\"async\" width=\"500\" height=\"243\" src=\"https:\/\/bizimugi.eu\/wp-content\/uploads\/2023\/09\/zoufris-500x243.jpg\" alt=\"\" data-id=\"44722\" data-full-url=\"https:\/\/bizimugi.eu\/wp-content\/uploads\/2023\/09\/zoufris.jpg\" data-link=\"https:\/\/bizimugi.eu\/ehb2023\/zoufris\" class=\"wp-image-44722\" srcset=\"https:\/\/bizimugi.eu\/wp-content\/uploads\/2023\/09\/zoufris-500x243.jpg 500w, https:\/\/bizimugi.eu\/wp-content\/uploads\/2023\/09\/zoufris-300x146.jpg 300w, https:\/\/bizimugi.eu\/wp-content\/uploads\/2023\/09\/zoufris-768x374.jpg 768w, https:\/\/bizimugi.eu\/wp-content\/uploads\/2023\/09\/zoufris-600x292.jpg 600w, https:\/\/bizimugi.eu\/wp-content\/uploads\/2023\/09\/zoufris.jpg 995w\" sizes=\"(max-width: 500px) 100vw, 500px\" \/><\/figure><\/li><\/ul><\/figure>\n\n\n\n<p> Asteburuan zehar, karrika  ikuskizunak, animazioak, dantzak, bazkari herrikoiak, erakusketak, ostatua, haurren xokoa ere ezagutzekoak izanen dira Baionako karriketan, familian edo lagunarteko giroan!<\/p>\n\n\n\n<h2 class=\"has-text-align-center wp-block-heading\"> <strong>Hitzaldi programa handia<\/strong><\/h2>\n\n\n\n<p>Berrogei bat hitzaldik Euskal Herriko eta kanpoko hizlariak nahasiko dituzte larunbat arratsaldean eta igandean egun osoan.<\/p>\n\n\n\n<p>Elkartrukeek analisiak, esperientzia arrakastatsuak eta inspiratzaileak partekatzeko parada eskainiko dute, eta Euskal Herriko metamorfosiaren kausitzeko konponbide berriak irudikatzen lagungarriak izanen dira.<\/p>\n\n\n\n<p> Philippe Aramendi, Manon Aubry, Joseba Azkarraga, Delphine Batho, Mirene Begiristain, Martine Bisauta, Aur\u00e9lien Bigo, Maryse Cachenaut, Damien Car\u00eame, Francis Carricart, Iker Cast\u00e8ge, Anna Chavepayre, Guillaume Choisy, Antidia Citores, Laurie Debove, Manuel Domergue, Fabien Duprez, Txetx Etcheverry, Xabi Etcheverry, C\u00e9dric Herrou, Jean-Fran\u00e7ois Julliard, Xanti Kiroga, Lumir Lapray, Anne Lacouture, Pierre Larrouturou, Herv\u00e9 le Treut, Charles-Adrien Louis, Be\u00f1at Molinos, Paloma Moritz, Amaia Munoa, Paul Neau, Barbara Nicoloso, Victor Pachon, Jon Palais, Timoth\u00e9e Parrique, Unai Pascual, Lucie Pinson, Eric Piolle, Catherine Sabbah, Marie Toussaint\u2026 Hauek dira urriaren 7an eta 8an Baionan izanen diren pertsonalitateetarik batzu.<\/p>\n\n\n\n<div class=\"wp-block-button aligncenter\"><a class=\"wp-block-button__link\" href=\"https:\/\/bizimugi.eu\/wp-content\/uploads\/2023\/09\/EHB_programme_conferences.pdf\"> Egitaraua deskubritu! <\/a><\/div>\n\n\n\n<figure class=\"wp-block-image size-large is-resized\"><img loading=\"lazy\" decoding=\"async\" src=\"https:\/\/bizimugi.eu\/wp-content\/uploads\/2023\/09\/Alternatiba-conf\u00e9rence-1-500x124.jpg\" alt=\"\" class=\"wp-image-44799\" width=\"835\" height=\"207\" srcset=\"https:\/\/bizimugi.eu\/wp-content\/uploads\/2023\/09\/Alternatiba-conf\u00e9rence-1-500x124.jpg 500w, https:\/\/bizimugi.eu\/wp-content\/uploads\/2023\/09\/Alternatiba-conf\u00e9rence-1-300x74.jpg 300w, https:\/\/bizimugi.eu\/wp-content\/uploads\/2023\/09\/Alternatiba-conf\u00e9rence-1-768x191.jpg 768w, https:\/\/bizimugi.eu\/wp-content\/uploads\/2023\/09\/Alternatiba-conf\u00e9rence-1-1536x381.jpg 1536w, https:\/\/bizimugi.eu\/wp-content\/uploads\/2023\/09\/Alternatiba-conf\u00e9rence-1-600x149.jpg 600w, https:\/\/bizimugi.eu\/wp-content\/uploads\/2023\/09\/Alternatiba-conf\u00e9rence-1.jpg 1600w\" sizes=\"(max-width: 835px) 100vw, 835px\" \/><\/figure>\n\n\n\n<h2 class=\"has-text-align-center wp-block-heading\"> <strong>Euskal Herria Burujabe<\/strong> aitzin ikusten duen alternatiben herrixka <\/h2>\n\n\n\n<p>\nKarrikaz karrika, gazte zein helduek zazpi auzo tematikoetan barna ibiliz, <strong> jarduera ainitz ezagutzeko parada ukanen dute<\/strong>:\n tailerrak, erakusketak, ekitaldiak, erakus mahaiak, planetarendako eta \nmoltsarendako plano onak, elkarteen edo biztanleen lekukotasunak.<\/p>\n\n\n\n<p> Elkartasuna, etxebizitza, energia, laborantza  &amp; elikadura, mugikortasuna, ekonomia, politika: <strong>ehun bat egitura eta hizlari izango dira!<\/strong><\/p>\n\n\n\n<figure class=\"wp-block-image size-large is-resized\"><img loading=\"lazy\" decoding=\"async\" src=\"https:\/\/bizimugi.eu\/wp-content\/uploads\/2023\/09\/plan_EHB_2023-500x529.jpg\" alt=\"\" class=\"wp-image-44802\" width=\"766\" height=\"810\" srcset=\"https:\/\/bizimugi.eu\/wp-content\/uploads\/2023\/09\/plan_EHB_2023-500x529.jpg 500w, https:\/\/bizimugi.eu\/wp-content\/uploads\/2023\/09\/plan_EHB_2023-300x318.jpg 300w, https:\/\/bizimugi.eu\/wp-content\/uploads\/2023\/09\/plan_EHB_2023-768x813.jpg 768w, https:\/\/bizimugi.eu\/wp-content\/uploads\/2023\/09\/plan_EHB_2023-1451x1536.jpg 1451w, https:\/\/bizimugi.eu\/wp-content\/uploads\/2023\/09\/plan_EHB_2023-scaled.jpg 1934w, https:\/\/bizimugi.eu\/wp-content\/uploads\/2023\/09\/plan_EHB_2023-600x635.jpg 600w\" sizes=\"(max-width: 766px) 100vw, 766px\" \/><\/figure>\n\n\n\n<h2 class=\"has-text-align-center wp-block-heading\">Zure zain den abentura kolektiboa  <\/h2>\n\n\n\n<p><span style=\"text-decoration: underline;\">Euskal Herria Burujabe : 500 laguntzaile taldea junta ezazu<\/span><\/p>\n\n\n\n<div class=\"wp-block-group\"><div class=\"wp-block-group__inner-container is-layout-flow wp-block-group-is-layout-flow\">\n<div class=\"wp-block-columns is-layout-flex wp-container-core-columns-layout-1 wp-block-columns-is-layout-flex\">\n<div class=\"wp-block-column is-layout-flow wp-block-column-is-layout-flow\">\n<p> Zure lurraldea eraldatzeko klimaren eta justizia sozialaren alde engaiatzeko gogoa duzu? <strong>Euskal Herria Burujaberen antolaketak besoak zabaltzen dizkizu!<\/strong><\/p>\n\n\n\n<p>Oradindanik engaiatzen ahal zira edo urriaren 7an eta 8an ekitaldian berean.<\/p>\n<\/div>\n\n\n\n<div class=\"wp-block-column is-layout-flow wp-block-column-is-layout-flow\">\n<figure class=\"wp-block-embed-youtube wp-block-embed is-type-video is-provider-youtube wp-embed-aspect-16-9 wp-has-aspect-ratio\"><div class=\"wp-block-embed__wrapper\">\n<iframe loading=\"lazy\" title=\"Euskal Herria Burujabe 2023 port\u00e9 par 500 b\u00e9n\u00e9voles ! Et toi ?\" width=\"847\" height=\"476\" src=\"https:\/\/www.youtube.com\/embed\/ZTSM6nG8fME?feature=oembed\" frameborder=\"0\" allow=\"accelerometer; autoplay; clipboard-write; encrypted-media; gyroscope; picture-in-picture; web-share\" allowfullscreen><\/iframe>\n<\/div><\/figure>\n<\/div>\n<\/div>\n\n\n\n<p>Zure laguntza ekartzen ahal duzu ere aterpetxe bat proposatuz hizlarientzat edo laguntzaileentat. <\/p>\n\n\n\n<div class=\"wp-block-button aligncenter\"><a class=\"wp-block-button__link\" href=\"https:\/\/bit.ly\/benevole-ehb \">Interesatua? Izena eman hemen:<\/a><\/div>\n\n\n\n<p>Baionako Cordeliers-en karrikaren 20., Izen emate orriaren bertsio inprimituak eskuragarri dira. <\/p>\n\n\n\n<p>Elkarrekin alimaleko indarra gira!<\/p>\n\n\n\n<figure class=\"wp-block-image size-large is-resized is-style-default\"><a href=\"https:\/\/bit.ly\/benevole-ehb \"><img loading=\"lazy\" decoding=\"async\" src=\"https:\/\/bizimugi.eu\/wp-content\/uploads\/2023\/06\/benevoles-bandeau_site-500x137.jpg\" alt=\"\" class=\"wp-image-44222\" width=\"756\" height=\"207\" srcset=\"https:\/\/bizimugi.eu\/wp-content\/uploads\/2023\/06\/benevoles-bandeau_site-500x137.jpg 500w, https:\/\/bizimugi.eu\/wp-content\/uploads\/2023\/06\/benevoles-bandeau_site-300x82.jpg 300w, https:\/\/bizimugi.eu\/wp-content\/uploads\/2023\/06\/benevoles-bandeau_site-768x211.jpg 768w, https:\/\/bizimugi.eu\/wp-content\/uploads\/2023\/06\/benevoles-bandeau_site-600x164.jpg 600w, https:\/\/bizimugi.eu\/wp-content\/uploads\/2023\/06\/benevoles-bandeau_site.jpg 1521w\" sizes=\"(max-width: 756px) 100vw, 756px\" \/><\/a><\/figure>\n<\/div><\/div>\n\n\n\n<p><span style=\"text-decoration: underline;\">Gertakariarentzat emaitza bat egin ezazu<\/span><br \/><br \/>Emaitza bat eginez ere laguntzen ahal gaituzu. Bildua izanen den dirua hein handi batean urririk den eta deneri irekia den ekitaldi honen antolaketa behar bezala gauzatzeko erabilia izanen da.<\/p>\n\n\n\n<div class=\"wp-block-button aligncenter\"><a class=\"wp-block-button__link\" href=\"https:\/\/www.helloasso.com\/associations\/bizi\/formulaires\/13\">Emaitza bat egiten dut!<\/a><\/div>\n\n\n\n<h2 class=\"has-text-align-center wp-block-heading\"> <strong>Informazio praktikoak<\/strong><\/h2>\n\n\n\n<p>Webgunearen planoa, pausa gunea, heltze erraztasuna, haurren xokoa&#8230; Laster atzemanen dituzue informazio zehat horiek guziak!  <\/p>\n\n\n\n<figure class=\"wp-block-image size-large is-resized\"><img loading=\"lazy\" decoding=\"async\" src=\"https:\/\/bizimugi.eu\/wp-content\/uploads\/2023\/03\/bandeau_site_1521x417-6-500x137.jpg\" alt=\"\" class=\"wp-image-43156\" width=\"786\" height=\"215\" srcset=\"https:\/\/bizimugi.eu\/wp-content\/uploads\/2023\/03\/bandeau_site_1521x417-6-500x137.jpg 500w, https:\/\/bizimugi.eu\/wp-content\/uploads\/2023\/03\/bandeau_site_1521x417-6-300x82.jpg 300w, https:\/\/bizimugi.eu\/wp-content\/uploads\/2023\/03\/bandeau_site_1521x417-6-768x211.jpg 768w, https:\/\/bizimugi.eu\/wp-content\/uploads\/2023\/03\/bandeau_site_1521x417-6-600x164.jpg 600w, https:\/\/bizimugi.eu\/wp-content\/uploads\/2023\/03\/bandeau_site_1521x417-6.jpg 1521w\" sizes=\"(max-width: 786px) 100vw, 786px\" \/><\/figure>\n","protected":false},"excerpt":{"rendered":"<p>2023ko urriaren 7 eta 8an, milaka izan gaitezen Baionan Euskal Herria Burujaberentzat! Kontzertuak, hitzaldiak, bazkariak, erakusmahaiak, erakusketak, proiekzioak, testigantzak, eztabaidak, jarduera ludikoak asteburu osoan iraganen dira. Zatoz klimaren erronkari erantzuten dioten eta Euskal Herri jasangarri, solidario eta burujabe bat sortzen duten alternatiben ezagutzera. Gure lurralde mailan, lagundu dezagun mundu hobea, justuagoa eta jasangarriagoa eraikitzen! Baionako &hellip; <\/p>\n<p><a class=\"more-link btn\" href=\"https:\/\/bizimugi.eu\/eu\/ehb2023\/\">Continue reading<\/a><\/p>\n","protected":false},"author":608,"featured_media":43117,"parent":0,"menu_order":0,"comment_status":"closed","ping_status":"closed","template":"","meta":{"amp_status":"","footnotes":""},"_links":{"self":[{"href":"https:\/\/bizimugi.eu\/eu\/wp-json\/wp\/v2\/pages\/43139"}],"collection":[{"href":"https:\/\/bizimugi.eu\/eu\/wp-json\/wp\/v2\/pages"}],"about":[{"href":"https:\/\/bizimugi.eu\/eu\/wp-json\/wp\/v2\/types\/page"}],"author":[{"embeddable":true,"href":"https:\/\/bizimugi.eu\/eu\/wp-json\/wp\/v2\/users\/608"}],"replies":[{"embeddable":true,"href":"https:\/\/bizimugi.eu\/eu\/wp-json\/wp\/v2\/comments?post=43139"}],"version-history":[{"count":24,"href":"https:\/\/bizimugi.eu\/eu\/wp-json\/wp\/v2\/pages\/43139\/revisions"}],"predecessor-version":[{"id":44864,"href":"https:\/\/bizimugi.eu\/eu\/wp-json\/wp\/v2\/pages\/43139\/revisions\/44864"}],"wp:featuredmedia":[{"embeddable":true,"href":"https:\/\/bizimugi.eu\/eu\/wp-json\/wp\/v2\/media\/43117"}],"wp:attachment":[{"href":"https:\/\/bizimugi.eu\/eu\/wp-json\/wp\/v2\/media?parent=43139"}],"curies":[{"name":"wp","href":"https:\/\/api.w.org\/{rel}","templated":true}]}}