{"id":34918,"date":"2020-01-29T21:35:53","date_gmt":"2020-01-29T20:35:53","guid":{"rendered":"https:\/\/bizimugi.eu\/?page_id=34918"},"modified":"2020-03-18T18:25:42","modified_gmt":"2020-03-18T17:25:42","slug":"2020ko-ituna-izenpetu-duten-zerrendak","status":"publish","type":"page","link":"https:\/\/bizimugi.eu\/eu\/2020ko-ituna-izenpetu-duten-zerrendak\/","title":{"rendered":"2020ko Ituna izenpetu duten zerrendak"},"content":{"rendered":"\n<p style=\"text-align:center\" class=\"has-text-color has-large-font-size has-vivid-red-color\"><strong>Orain arte 84 zerrendak Ituna izenpetu dute !<\/strong><\/p>\n\n\n\n<iframe loading=\"lazy\" src=\"https:\/\/umap.openstreetmap.fr\/en\/map\/engagement-des-listes-sur-le-pacte-2020_398055?scaleControl=false&amp;miniMap=false&amp;scrollWheelZoom=false&amp;zoomControl=true&amp;allowEdit=false&amp;moreControl=true&amp;searchControl=null&amp;tilelayersControl=null&amp;embedControl=null&amp;datalayersControl=true&amp;onLoadPanel=none&amp;captionBar=false\" allowfullscreen=\"\" width=\"100%\" height=\"300px\" frameborder=\"0\"><\/iframe><p><a href=\"https:\/\/umap.openstreetmap.fr\/en\/map\/engagement-des-listes-sur-le-pacte-2020_398055\">See full screen<\/a><\/p>\n\n\n\n<table class=\"wp-block-table\"><tbody><tr><td>AHETZE<\/td><td>Ahetzen 2020 <\/td><td>Santiago Capendeguy <\/td><\/tr><tr><td> AICIRITS-CAMOU-SUHAST<\/td><td>Zuentzat Lanean Segitzeko Prest &#8211;<br \/>Une nouvelle \u00e9quipe entreprenante pour poursuivre nos <br \/>engagements et mener \u00e0 vos c\u00f4t\u00e9s de nouveaux projets <\/td><td>Chantal Erguy<\/td><\/tr><tr><td>ANGLET<\/td><td>Vivement Anglet<\/td><td>Sandrine Derville <\/td><\/tr><tr><td>ANHAUX<\/td><td><\/td><td>Andr\u00e9 Changala<\/td><\/tr><tr><td>ARBONNE<\/td><td>Hats berri bat Arbonari &#8211; Un nouveau souffle pour Arbonne<\/td><td>Bernard Arla<\/td><\/tr><tr><td>ASCAIN<\/td><td>Azkaine Bai <\/td><td>Gorka Taberna <\/td><\/tr><tr><td>ASCAIN<\/td><td>Denak elgarrekin aitzina &#8211; Agissons tous ensemble <\/td><td>Jean-Louis Laduche <\/td><\/tr><tr><td>ASCAIN<\/td><td>Denen Geroa<\/td><td>Jean-Louis Fournier<\/td><\/tr><tr><td>ASCAIN<\/td><td>Ur Ertsi Larrun <\/td><td>Pierre Clausell<\/td><\/tr><tr><td>ASCAIN<\/td><td>Vivre Ascain &#8211; Azkaine Bizi <\/td><td>B\u00e9n\u00e9dicte Luberriaga <\/td><\/tr><tr><td>ASCARAT<\/td><td>Azkarateren alde<\/td><td>Philippe Etchenique<\/td><\/tr><tr><td>AYHERRE<\/td><td>Elgarrekin segi<\/td><td>Ar\u00f1o Gastambide<\/td><\/tr><tr><td>BANCA<\/td><td>Bankari<\/td><td>Michel O\u00e7afrain<\/td><\/tr><tr><td>BAYONNE <\/td><td>Baiona Verte et Solidaire &#8211; Baiona Berde eta Elkarkidea <\/td><td>Jean-Claude Iriart<br \/>Sophie Bussi\u00e8re <\/td><\/tr><tr><td>BAYONNE<\/td><td>Bayonne Ville Ouverte<\/td><td>Henri Etcheto<\/td><\/tr><tr><td>BAYONNE<\/td><td>Bayonne Toujours un temps d&#8217;avance <\/td><td>Jean Ren\u00e9 Etchegaray<br \/>Sylvie Durruty <\/td><\/tr><tr><td>BAYONNE<\/td><td>Bihar Baiona<\/td><td>Mathieu Berg\u00e9<br \/>Sophie Herrera-Landa<\/td><\/tr><tr><td>BEHASQUE-LAPISTE<\/td><td>B\u00e9hasque-Lapiste Demain<\/td><td>Gabriel Belleau<\/td><\/tr><tr><td>BIARRITZ<\/td><td>Biarritz en a besoin<\/td><td>Nathalie Motsch<\/td><\/tr><tr><td>BIARRITZ<\/td><td>Biarritz Nouvelle Vague<\/td><td>Guillaume Barucq<\/td><\/tr><tr><td>BIARRITZ<\/td><td>Euskal herrian vert et solidaire <\/td><td>Mathieu Accoh<br \/>Lysiann Brao<br \/>Brice Morin<\/td><\/tr><tr><td>BIARRITZ<\/td><td>Pour Biarritz, pour vous<\/td><td>Maider Arosteguy <\/td><\/tr><tr><td>BIARRITZ<\/td><td>Vivons Biarritz !<\/td><td>Michel Veunac<\/td><\/tr><tr><td>BIDART<\/td><td>Bidart au Coeur &#8211; Bidarte Bihotzetik <\/td><td>Emmanuel Alzuri  <\/td><\/tr><tr><td>BIDART<\/td><td>Bidart de bon sens<\/td><td>Michel Lamarque<\/td><\/tr><tr><td>BIDART<\/td><td>Bihartean &#8211; Demain Bidart <\/td><td>Isabelle Charritton<br \/>Denis Luthereau <\/td><\/tr><tr><td>BIRIATOU<\/td><td>Biriatuko Geroa <\/td><td>Solange Demarcq-Eguiguren <\/td><\/tr><tr><td>BONLOC<\/td><td>Lekuine elgarrekin oldar berri batentzat ! &#8211;<br \/>Bonloc Ensemble pour un nouvel \u00e9lan ! <\/td><td>Pierre Defois<\/td><\/tr><tr><td>BOUCAU<\/td><td>Boucau Avenir durable et solidaire <\/td><td>Dominique Lavigne <\/td><\/tr><tr><td>BOUCAU<\/td><td>Boucau Nouvelle G\u00e9n\u00e9ration <\/td><td>Marie-Ange Th\u00e9baud<\/td><\/tr><tr><td>CAMBO-LES-BAINS<\/td><td>Nahi dugun herria<\/td><td>Argitxu Hiriart-Urruty<\/td><\/tr><tr><td>CAMBO-LES-BAINS<\/td><td>Unis pour Cambo &#8211; Elgarrekin Kanborentzat<\/td><td>Christian Dev\u00e8ze<\/td><\/tr><tr><td>CARO<\/td><td>Caro Elgarrekin<\/td><td>Robert Garicoitz<\/td><\/tr><tr><td>CIBOURE<\/td><td>Ensemble pour Ciboure &#8211; Elgarrekin Zibururen Alde <\/td><td>Dominique Duguet<\/td><\/tr><tr><td>CIBOURE<\/td><td>Ziburu Bizi 2020<\/td><td>Eneko Aldana-Douat<br \/>Leire Larrasa<\/td><\/tr><tr><td>ESPELETTE<\/td><td>Eskuz esku<\/td><td>Yannick Jaur\u00e9guy<\/td><\/tr><tr><td>ESPELETTE<\/td><td>Ezpeleta Beti Aintzina &#8211; Espelette toujours de l&#8217;avant <\/td><td>Jean-Marie Iputcha <\/td><\/tr><tr><td>ESTEREN\u00c7UBY<\/td><td><\/td><td>Jean-Luc Poydessus<\/td><\/tr><tr><td>GABAT<\/td><td><\/td><td>Jean-Louis Prebend\u00e9<\/td><\/tr><tr><td>GAMARTHE<\/td><td>Gamarthe Bihar<\/td><td>Jean-Michel Bicain<\/td><\/tr><tr><td>HASPARREN<\/td><td>Hazparne bihotzean &#8211; Hasparren au c\u0153ur<\/td><td>Isabelle Pargade<\/td><\/tr><tr><td>HASPARREN<\/td><td>Herritarrekin<\/td><td>Kristian Etchetto<\/td><\/tr><tr><td>HENDAYE<\/td><td>Ensemble, r\u00e9veillons Hendaye &#8211; Elgarrekin, Goazen Aitzina <\/td><td>Pascal Destruhaut<br \/>H\u00e9l\u00e8ne Hiribarren<\/td><\/tr><tr><td>HENDAYE<\/td><td>Hendaia Biltzen \u2013 Uni.e.s pour Hendaye<\/td><td>Laetitia Navarron<br \/>Iker Elizalde<\/td><\/tr><tr><td>HENDAYE<\/td><td>Hendaye avec vous &#8211; Hendaia Zuekin <\/td><td>Kotte Ecenarro<\/td><\/tr><tr><td>HENDAYE<\/td><td>Hendaye en commun<\/td><td>Laurent Tariol<\/td><\/tr><tr><td>IROULEGUY<\/td><td>Irulegi Aintzina<\/td><td>Joseph Mocho<\/td><\/tr><tr><td>ITXASSOU<\/td><td>Elgarrekin Segi Aintzina &#8211; Ensemble pour l&#8217;avenir d&#8217;Itxassou<\/td><td>Jean Paul Iturburua<\/td><\/tr><tr><td>ITXASSOU<\/td><td>Herriari<\/td><td>Mikel Hiribarren<\/td><\/tr><tr><td>JATXOU<\/td><td>Jatxou bihar &#8211; Jatxou demain<\/td><td>Marc Labeguerie<\/td><\/tr><tr><td>LAGUINGE-RESTOUE<\/td><td>Toujours en avant &#8211; Bethi aitzina<\/td><td>Ruben Gomez<\/td><\/tr><tr><td>LAHONCE<\/td><td>Lahonce, village en action <\/td><td>David Hugla <\/td><\/tr><tr><td>LAHONCE<\/td><td>Unis pour Lahonce<\/td><td>Jean-Fran\u00e7ois Sauss\u00e9<\/td><\/tr><tr><td>LARRESSORE<\/td><td>Larresoro bihar &#8211; Larressore Demain <\/td><td>Philippe Goyetche <\/td><\/tr><tr><td>LES ALDUDES<\/td><td>Aldude Berri eta Erne<\/td><td>Suquilbide Martin<\/td><\/tr><tr><td>MACAYE<\/td><td>Makea Geroari Buruz<\/td><td>Alain Dubois<\/td><\/tr><tr><td>MAULEON-LICHARRE<\/td><td>Aintzina Maule<\/td><td>Be\u00f1at Elkegaray<\/td><\/tr><tr><td>MAULEON-LICHARRE<\/td><td>Agir Ensemble pour Maul\u00e9on<\/td><td>Michel Etchebest <\/td><\/tr><tr><td>MAULEON-LICHARRE<\/td><td> Liste d&#8217;Union Citoyenne<\/td><td>Louis Labadot<\/td><\/tr><tr><td>MOUGUERRE<\/td><td>Ensemble construisons demain<\/td><td>Roland Hirigoyen<\/td><\/tr><tr><td>MUSCULDY<\/td><td>Muskuldirentako<\/td><td>Josette Boscq<\/td><\/tr><tr><td>OSTABAT-ASME<\/td><td>Izuran Bizia<\/td><td>Daniel Ol\u00e7omendy<\/td><\/tr><tr><td>PAGOLLE<\/td><td>Biharko Pagola<\/td><td>Pierre Etcheber<\/td><\/tr><tr><td>SAINT-ETIENNE-DE-BAIGORRY<\/td><td>Aintzina Baigorri<\/td><td>Jean-Michel Coscarat<\/td><\/tr><tr><td>SAINT-JEAN-DE-LUZ<\/td><td>Herri Berri<\/td><td>Pascal Lafitte<\/td><\/tr><tr><td>SAINT-JEAN-DE-LUZ <\/td><td>Un Nouvel \u00c9lan pour Saint-Jean-de-Luz<\/td><td>Manuel De Lara<\/td><\/tr><tr><td>SAINT-JEAN-LE-VIEUX<\/td><td>Geroari Buruz<\/td><td>Pierre Eyherabide<\/td><\/tr><tr><td>SAINT-JEAN-PIED-DE-PORT<\/td><td>Donibane Erne &#8211; St-Jean Autrement <\/td><td>Xabi Larre<\/td><\/tr><tr><td>SAINT-JEAN-PIED-DE-PORT<\/td><td>Vivons Saint-Jean<\/td><td>Laurent Inchauspe<\/td><\/tr><tr><td>SAINT-MARTIN D&#8217;ARROSSA<\/td><td>Segi Aintzina Arrosa<\/td><td>Be\u00f1at Arrabit<\/td><\/tr><tr><td>SAINT-MICHEL<\/td><td>D\u00e9fense des int\u00e9r\u00eats communaux <\/td><td>Raymond Minondo<\/td><\/tr><tr><td>SAINT-PALAIS<\/td><td>Aintzina Donapaleu &#8211;  Pour l\u2019avenir de Saint-Palais<\/td><td>Charles Massondo<\/td><\/tr><tr><td>SAINT-PEE-SUR-NIVELLE <\/td><td>Ensemble pour Saint-P\u00e9e &#8211; <br \/>Elgarrekin Senpererentzat <\/td><td>Dominique Idiart<\/td><\/tr><tr><td>SAINT-PEE-SUR-NIVELLE  <\/td><td>Senpere Bai <\/td><td>Jean-Fran\u00e7ois B\u00e9der\u00e8de <\/td><\/tr><tr><td>SAINT-PIERRE D&#8217;IRUBE<\/td><td>Aimer Saint-Pierre d&#8217;Irube &#8211; Hiriburu maita <\/td><td>Alain Iriart<\/td><\/tr><tr><td>SARE<\/td><td>Har Hitza <\/td><td>Ellande Alfaro<\/td><\/tr><tr><td>SARE<\/td><td>Zergaitik ez<\/td><td>Battit Laborde<\/td><\/tr><tr><td>URCUIT<\/td><td>Urcuit, notre seule motivation<\/td><td>Raymond Darricarr\u00e8re<\/td><\/tr><tr><td>UREPEL<\/td><td>Bide Berri<\/td><td>Xole Aire<\/td><\/tr><tr><td>URRUGNE<\/td><td>Ensemble faisons revivre Urrugne &#8211;<br \/>Elgarrekin Urru\u00f1a Berpitzu  <\/td><td>Philippe Aramendi<\/td><\/tr><tr><td>USTARITZ<\/td><td>Ensemble pour Ustaritz<\/td><td>Bruno Cendr\u00e8s<\/td><\/tr><tr><td>USTARITZ<\/td><td>Ustaritz A Venir<\/td><td>Dominique Lesbats<\/td><\/tr><tr><td>USTARITZ<\/td><td>Uztaritze Bai <\/td><td>Bruno Carr\u00e8re<\/td><\/tr><tr><td>VILLEFRANQUE<\/td><td>Villefranque, au coeur de nos projets <\/td><td>Marc Saint Esteven <\/td><\/tr><\/tbody><\/table>\n\n\n\n<div class=\"wp-block-image\"><figure class=\"aligncenter\"><img loading=\"lazy\" decoding=\"async\" width=\"300\" height=\"424\" src=\"https:\/\/bizimugi.eu\/wp-content\/uploads\/2020\/02\/Avant-de-voter-EUS-1-300x424.jpg\" alt=\"\" class=\"wp-image-35304\" srcset=\"https:\/\/bizimugi.eu\/wp-content\/uploads\/2020\/02\/Avant-de-voter-EUS-1-300x424.jpg 300w, https:\/\/bizimugi.eu\/wp-content\/uploads\/2020\/02\/Avant-de-voter-EUS-1-768x1086.jpg 768w, https:\/\/bizimugi.eu\/wp-content\/uploads\/2020\/02\/Avant-de-voter-EUS-1-500x707.jpg 500w, https:\/\/bizimugi.eu\/wp-content\/uploads\/2020\/02\/Avant-de-voter-EUS-1-600x848.jpg 600w, https:\/\/bizimugi.eu\/wp-content\/uploads\/2020\/02\/Avant-de-voter-EUS-1.jpg 1448w\" sizes=\"(max-width: 300px) 100vw, 300px\" \/><\/figure><\/div>\n\n\n\n<p><a href=\"https:\/\/bizimugi.eu\/eu\/2020ko-ituna\">2020ko Ituna<\/a>&nbsp;eta&nbsp;<a href=\"http:\/\/petition.bizimugi.eu\/\">linean den petizioa<\/a>-ri buruzko xehetasun gehiago atsemaiten ahal dituzue.<\/p>\n","protected":false},"excerpt":{"rendered":"<p>Orain arte 84 zerrendak Ituna izenpetu dute ! See full screen AHETZE Ahetzen 2020 Santiago Capendeguy AICIRITS-CAMOU-SUHAST Zuentzat Lanean Segitzeko Prest &#8211;Une nouvelle \u00e9quipe entreprenante pour poursuivre nos engagements et mener \u00e0 vos c\u00f4t\u00e9s de nouveaux projets Chantal Erguy ANGLET Vivement Anglet Sandrine Derville ANHAUX Andr\u00e9 Changala ARBONNE Hats berri bat Arbonari &#8211; Un nouveau &hellip; <\/p>\n<p><a class=\"more-link btn\" href=\"https:\/\/bizimugi.eu\/eu\/2020ko-ituna-izenpetu-duten-zerrendak\/\">Continue reading<\/a><\/p>\n","protected":false},"author":368,"featured_media":0,"parent":0,"menu_order":0,"comment_status":"closed","ping_status":"closed","template":"","meta":{"amp_status":"","footnotes":""},"_links":{"self":[{"href":"https:\/\/bizimugi.eu\/eu\/wp-json\/wp\/v2\/pages\/34918"}],"collection":[{"href":"https:\/\/bizimugi.eu\/eu\/wp-json\/wp\/v2\/pages"}],"about":[{"href":"https:\/\/bizimugi.eu\/eu\/wp-json\/wp\/v2\/types\/page"}],"author":[{"embeddable":true,"href":"https:\/\/bizimugi.eu\/eu\/wp-json\/wp\/v2\/users\/368"}],"replies":[{"embeddable":true,"href":"https:\/\/bizimugi.eu\/eu\/wp-json\/wp\/v2\/comments?post=34918"}],"version-history":[{"count":27,"href":"https:\/\/bizimugi.eu\/eu\/wp-json\/wp\/v2\/pages\/34918\/revisions"}],"predecessor-version":[{"id":35729,"href":"https:\/\/bizimugi.eu\/eu\/wp-json\/wp\/v2\/pages\/34918\/revisions\/35729"}],"wp:attachment":[{"href":"https:\/\/bizimugi.eu\/eu\/wp-json\/wp\/v2\/media?parent=34918"}],"curies":[{"name":"wp","href":"https:\/\/api.w.org\/{rel}","templated":true}]}}