{"id":34287,"date":"2019-11-04T13:03:54","date_gmt":"2019-11-04T12:03:54","guid":{"rendered":"https:\/\/bizimugi.eu\/pacte-de-metamorphose"},"modified":"2022-10-11T14:45:27","modified_gmt":"2022-10-11T12:45:27","slug":"pacte-de-metamorphose","status":"publish","type":"page","link":"https:\/\/bizimugi.eu\/eu\/pacte-de-metamorphose\/","title":{"rendered":"Pacte pour une m\u00e9tamorphose \u00e9cologique du Pays Basque"},"content":{"rendered":"\n<h3 class=\"wp-block-heading\"><strong>A l\u2019issue des \u00e9lections municipales de 2020, nous entamons le suivi des engagements autour du Pacte de m\u00e9tamorphose aupr\u00e8s des \u00e9lu.e.s<\/strong><br \/><\/h3>\n\n\n<ul>\n<li style=\"list-style-type: none;\">\n<ul>\n<li><a href=\"\/?p=36759\">Formations pour les \u00e9lu.e.s des conseils municipaux et de la Communaut\u00e9 d\u2019agglom\u00e9ration du Pays Basque<\/a><\/li>\n<li><a href=\"https:\/\/bizimugi.eu\/eu\/ipar-euskal-herria-metamorfosi-ekologikoaren-0-fasean-da-2021eko-txostenaren-emaitzak\">R\u00e9sultats du rapport 2021<\/a><\/li>\n<li><a href=\"https:\/\/bizimugi.eu\/eu?page_id=34794\">Pacte 2020<\/a><\/li>\n<li><a href=\"https:\/\/bizimugi.eu\/eu\/iuna-izenpetu-duten-46-herriko-etxe\">Communes signataires du Pacte 2020<\/a><\/li>\n<li><a href=\"https:\/\/bizimugi.eu\/eu?page_id=34808\">La marche citoyenne \u00e0 travers le Pays Basque<\/a><\/li>\n<li><a href=\"https:\/\/bizimugi.eu\/eu?page_id=34791\">Suivi des engagements de 2014<\/a><\/li>\n<\/ul>\n<\/li>\n<\/ul>\n\n\n<p><\/p>\n\n\n\n<p><br \/><\/p>\n","protected":false},"excerpt":{"rendered":"<p>A l\u2019issue des \u00e9lections municipales de 2020, nous entamons le suivi des engagements autour du Pacte de m\u00e9tamorphose aupr\u00e8s des \u00e9lu.e.s Formations pour les \u00e9lu.e.s des conseils municipaux et de la Communaut\u00e9 d\u2019agglom\u00e9ration du Pays Basque R\u00e9sultats du rapport 2021 Pacte 2020 Communes signataires du Pacte 2020 La marche citoyenne \u00e0 travers le Pays Basque &hellip; <\/p>\n<p><a class=\"more-link btn\" href=\"https:\/\/bizimugi.eu\/eu\/pacte-de-metamorphose\/\">Continue reading<\/a><\/p>\n","protected":false},"author":368,"featured_media":0,"parent":0,"menu_order":0,"comment_status":"closed","ping_status":"closed","template":"","meta":{"amp_status":"","footnotes":""},"_links":{"self":[{"href":"https:\/\/bizimugi.eu\/eu\/wp-json\/wp\/v2\/pages\/34287"}],"collection":[{"href":"https:\/\/bizimugi.eu\/eu\/wp-json\/wp\/v2\/pages"}],"about":[{"href":"https:\/\/bizimugi.eu\/eu\/wp-json\/wp\/v2\/types\/page"}],"author":[{"embeddable":true,"href":"https:\/\/bizimugi.eu\/eu\/wp-json\/wp\/v2\/users\/368"}],"replies":[{"embeddable":true,"href":"https:\/\/bizimugi.eu\/eu\/wp-json\/wp\/v2\/comments?post=34287"}],"version-history":[{"count":10,"href":"https:\/\/bizimugi.eu\/eu\/wp-json\/wp\/v2\/pages\/34287\/revisions"}],"predecessor-version":[{"id":41574,"href":"https:\/\/bizimugi.eu\/eu\/wp-json\/wp\/v2\/pages\/34287\/revisions\/41574"}],"wp:attachment":[{"href":"https:\/\/bizimugi.eu\/eu\/wp-json\/wp\/v2\/media?parent=34287"}],"curies":[{"name":"wp","href":"https:\/\/api.w.org\/{rel}","templated":true}]}}