{"id":27079,"date":"2014-03-19T09:52:11","date_gmt":"2014-03-19T08:52:11","guid":{"rendered":"https:\/\/bizimugi.eu\/xiberoa-2"},"modified":"2014-03-19T09:52:11","modified_gmt":"2014-03-19T08:52:11","slug":"xiberoa-2","status":"publish","type":"page","link":"https:\/\/bizimugi.eu\/eu\/xiberoa-2\/","title":{"rendered":"Xiberoa"},"content":{"rendered":"<h2>Cheraute &#8211; Sohuta<\/h2>\n<div class=\"divTable\">\n<p class=\"pTable\"><span class=\"spanTable\">Jean-Ren\u00e9 ARHIE :<\/span><a href=\"https:\/\/bizimugi.eu\/wp-content\/uploads\/2014\/03\/CHERAUTE-Pacte-+-Compl\u00e9ments-Jean-Ren\u00e9-ARHIE.pdf\"><span class=\"spanTable\"><img loading=\"lazy\" decoding=\"async\" class=\"vertical-align-middle\" style=\"margin: 0px; max-width: 98%; height: auto; vertical-align: middle;\" alt=\"Pacte\" src=\"https:\/\/i2.wp.com\/bizimugi.eu\/wp-content\/uploads\/2012\/02\/pdf-icon_small.png?resize=38%2C38\" width=\"38\" height=\"38\" \/><\/span><\/a><\/p>\n<p class=\"pTable\"><span class=\"spanTable\">Christelle MANGE:<\/span><a href=\"https:\/\/bizimugi.eu\/wp-content\/uploads\/2014\/03\/CHERAUTE-Pacte-Christelle-MANGE.pdf\"><span class=\"spanTable\"><img loading=\"lazy\" decoding=\"async\" class=\"vertical-align-middle\" style=\"margin: 0px; max-width: 98%; height: auto; vertical-align: middle;\" alt=\"Pacte\" src=\"https:\/\/i2.wp.com\/bizimugi.eu\/wp-content\/uploads\/2012\/02\/pdf-icon_small.png?resize=38%2C38\" width=\"38\" height=\"38\" \/><\/span><\/a><\/p>\n<\/div>\n<h2>Maul\u00e9on &#8211; Maule<\/h2>\n<div class=\"divTable\">\n<p class=\"pTable\"><span class=\"spanTable\">Mathias DAVANT :<\/span><a href=\"https:\/\/bizimugi.eu\/wp-content\/uploads\/2014\/03\/MAUL\u00c9ON-Pacte-Mathias-DAVANT.pdf\"><span class=\"spanTable\"><img loading=\"lazy\" decoding=\"async\" class=\"vertical-align-middle\" style=\"margin: 0px; max-width: 98%; height: auto; vertical-align: middle;\" alt=\"Pacte\" src=\"https:\/\/i2.wp.com\/bizimugi.eu\/wp-content\/uploads\/2012\/02\/pdf-icon_small.png?resize=38%2C38\" width=\"38\" height=\"38\" \/><\/span><\/a><\/p>\n<p class=\"pTable\"><span class=\"spanTable\">Be\u00f1at ELKEGARRAY :<\/span><a href=\"https:\/\/bizimugi.eu\/wp-content\/uploads\/2014\/03\/MAULEON-Pacte-+-compl\u00e9ments-Be\u00f1at-Elkegaray.pdf\"><span class=\"spanTable\"><img loading=\"lazy\" decoding=\"async\" class=\"vertical-align-middle\" style=\"margin: 0px; max-width: 98%; height: auto; vertical-align: middle;\" alt=\"Pacte\" src=\"https:\/\/i2.wp.com\/bizimugi.eu\/wp-content\/uploads\/2012\/02\/pdf-icon_small.png?resize=38%2C38\" width=\"38\" height=\"38\" \/><\/span><\/a><\/p>\n<p class=\"pTable\"><span class=\"spanTable\">Michel ETCHEBEST :<\/span><a href=\"https:\/\/bizimugi.eu\/wp-content\/uploads\/2014\/03\/MAULEON-Pacte-Michel-Etchebest.pdf\"><span class=\"spanTable\"><img loading=\"lazy\" decoding=\"async\" class=\"vertical-align-middle\" style=\"margin: 0px; max-width: 98%; height: auto; vertical-align: middle;\" alt=\"Pacte\" src=\"https:\/\/i2.wp.com\/bizimugi.eu\/wp-content\/uploads\/2012\/02\/pdf-icon_small.png?resize=38%2C38\" width=\"38\" height=\"38\" \/><\/span><\/a><\/p>\n<p class=\"pTable\"><span class=\"spanTable\">Louis LABADOT :<\/span><span class=\"spanTable\"><img decoding=\"async\" class=\"vertical-align-middle\" alt=\"0 engagement\" src=\"https:\/\/bizimugi.eu\/wp-content\/uploads\/2014\/03\/0enga.jpg\" height=\"38\" \/><\/span><\/p>\n<\/div>\n<p><a href=\"https:\/\/bizimugi.eu\/wp-content\/uploads\/2014\/03\/Mauleon-Maule.jpg\" rel=\"lightbox\"><img loading=\"lazy\" decoding=\"async\" class=\"aligncenter size-large wp-image-13422\" alt=\"Mauleon Maule\" src=\"https:\/\/bizimugi.eu\/wp-content\/uploads\/2014\/03\/Mauleon-Maule-500x327.jpg\" width=\"500\" height=\"327\" data-id=\"13422\" srcset=\"https:\/\/bizimugi.eu\/wp-content\/uploads\/2014\/03\/Mauleon-Maule-500x327.jpg 500w, https:\/\/bizimugi.eu\/wp-content\/uploads\/2014\/03\/Mauleon-Maule-600x393.jpg 600w, https:\/\/bizimugi.eu\/wp-content\/uploads\/2014\/03\/Mauleon-Maule-300x196.jpg 300w, https:\/\/bizimugi.eu\/wp-content\/uploads\/2014\/03\/Mauleon-Maule.jpg 1600w\" sizes=\"(max-width: 500px) 100vw, 500px\" \/><\/a><\/p>\n<h2>Musculdy &#8211; Muskildi<\/h2>\n<div class=\"divTable\">\n<p class=\"pTable\"><span class=\"spanTable\">L\u00e9onie AGERGARAY :<\/span><a href=\"https:\/\/bizimugi.eu\/wp-content\/uploads\/2014\/03\/MUSCULDY-Pacte-Leonie-Aguergaray.pdf\"><span class=\"spanTable\"><img loading=\"lazy\" decoding=\"async\" class=\"vertical-align-middle\" style=\"margin: 0px; max-width: 98%; height: auto; vertical-align: middle;\" alt=\"Pacte\" src=\"https:\/\/i2.wp.com\/bizimugi.eu\/wp-content\/uploads\/2012\/02\/pdf-icon_small.png?resize=38%2C38\" width=\"38\" height=\"38\" \/><\/span><\/a><\/p>\n<\/div>\n","protected":false},"excerpt":{"rendered":"<p>Cheraute &#8211; Sohuta Jean-Ren\u00e9 ARHIE : Christelle MANGE: Maul\u00e9on &#8211; Maule Mathias DAVANT : Be\u00f1at ELKEGARRAY : Michel ETCHEBEST : Louis LABADOT : Musculdy &#8211; Muskildi L\u00e9onie AGERGARAY :<\/p>\n","protected":false},"author":9,"featured_media":0,"parent":0,"menu_order":0,"comment_status":"closed","ping_status":"closed","template":"","meta":{"amp_status":"","footnotes":""},"_links":{"self":[{"href":"https:\/\/bizimugi.eu\/eu\/wp-json\/wp\/v2\/pages\/27079"}],"collection":[{"href":"https:\/\/bizimugi.eu\/eu\/wp-json\/wp\/v2\/pages"}],"about":[{"href":"https:\/\/bizimugi.eu\/eu\/wp-json\/wp\/v2\/types\/page"}],"author":[{"embeddable":true,"href":"https:\/\/bizimugi.eu\/eu\/wp-json\/wp\/v2\/users\/9"}],"replies":[{"embeddable":true,"href":"https:\/\/bizimugi.eu\/eu\/wp-json\/wp\/v2\/comments?post=27079"}],"version-history":[{"count":0,"href":"https:\/\/bizimugi.eu\/eu\/wp-json\/wp\/v2\/pages\/27079\/revisions"}],"wp:attachment":[{"href":"https:\/\/bizimugi.eu\/eu\/wp-json\/wp\/v2\/media?parent=27079"}],"curies":[{"name":"wp","href":"https:\/\/api.w.org\/{rel}","templated":true}]}}