{"id":27077,"date":"2014-03-18T18:52:25","date_gmt":"2014-03-18T17:52:25","guid":{"rendered":"https:\/\/bizimugi.eu\/errobi-aturri-2"},"modified":"2014-03-18T18:52:25","modified_gmt":"2014-03-18T17:52:25","slug":"errobi-aturri-2","status":"publish","type":"page","link":"https:\/\/bizimugi.eu\/eu\/errobi-aturri-2\/","title":{"rendered":"Errobi Aturri"},"content":{"rendered":"<h2>Lahonce &#8211; Lehuntze<\/h2>\n<div class=\"divTable\">\n<p class=\"pTable\"><span class=\"spanTable\">Pierre GUILLEMOTONIA :<\/span><a href=\"https:\/\/bizimugi.eu\/wp-content\/uploads\/2014\/03\/LAHONCE-Pacte-Pierre-GUILLEMOTONIA.pdf\"><span class=\"spanTable\"><img loading=\"lazy\" decoding=\"async\" class=\"vertical-align-middle\" style=\"margin: 0px; max-width: 98%; height: auto; vertical-align: middle;\" alt=\"Pacte\" src=\"https:\/\/i2.wp.com\/bizimugi.eu\/wp-content\/uploads\/2012\/02\/pdf-icon_small.png?resize=38%2C38\" width=\"38\" height=\"38\" \/><\/span><\/a><\/p>\n<p class=\"pTable\"><span class=\"spanTable\">Jean-Fran\u00e7ois SAUSS\u00c9 :<\/span><span class=\"spanTable\"><img decoding=\"async\" class=\"vertical-align-middle\" alt=\"0 engagement\" src=\"https:\/\/bizimugi.eu\/wp-content\/uploads\/2014\/03\/0enga.jpg\" height=\"38\" \/><\/span><\/p>\n<\/div>\n<h2>Mouguerre &#8211; Mugerre<\/h2>\n<div class=\"divTable\">\n<p class=\"pTable\"><span class=\"spanTable\">Roland HIRIGOYEN :<\/span><a href=\"https:\/\/bizimugi.eu\/wp-content\/uploads\/2014\/03\/MOUGUERRE-Pacte-+-compl\u00e9ments-Roland-HIRIGOYEN.pdf\"><span class=\"spanTable\"><img loading=\"lazy\" decoding=\"async\" class=\"vertical-align-middle\" style=\"margin: 0px; max-width: 98%; height: auto; vertical-align: middle;\" alt=\"Pacte\" src=\"https:\/\/i2.wp.com\/bizimugi.eu\/wp-content\/uploads\/2012\/02\/pdf-icon_small.png?resize=38%2C38\" width=\"38\" height=\"38\" \/><\/span><\/a><\/p>\n<h2>Saint-Pierre-d&#8217;Irube &#8211; Hiriburu<\/h2>\n<p class=\"pTable\"><span class=\"spanTable\">Alain IRIART :<\/span><a href=\"https:\/\/bizimugi.eu\/wp-content\/uploads\/2014\/03\/SAINT-PIERRE-DIRUBE-Pacte-Alain-IRIART.pdf\"><span class=\"spanTable\"><img loading=\"lazy\" decoding=\"async\" class=\"vertical-align-middle\" style=\"margin: 0px; max-width: 98%; height: auto; vertical-align: middle;\" alt=\"Pacte\" src=\"https:\/\/i2.wp.com\/bizimugi.eu\/wp-content\/uploads\/2012\/02\/pdf-icon_small.png?resize=38%2C38\" width=\"38\" height=\"38\" \/><\/span><\/a><\/p>\n<\/div>\n<h2>Urcuit &#8211; Urketa<\/h2>\n<div class=\"divTable\">\n<p class=\"pTable\"><span class=\"spanTable\">Barth\u00e9l\u00e9my BIDEGARAY :<\/span><a href=\"https:\/\/bizimugi.eu\/wp-content\/uploads\/2014\/03\/URCUIT-Pacte-+-compl\u00e9ments-Barth\u00e9l\u00e9my-BIDEGARAY.pdf\"><span class=\"spanTable\"><img loading=\"lazy\" decoding=\"async\" class=\"vertical-align-middle\" style=\"margin: 0px; max-width: 98%; height: auto; vertical-align: middle;\" alt=\"Pacte\" src=\"https:\/\/i2.wp.com\/bizimugi.eu\/wp-content\/uploads\/2012\/02\/pdf-icon_small.png?resize=38%2C38\" width=\"38\" height=\"38\" \/><\/span><\/a><\/p>\n<p class=\"pTable\"><span class=\"spanTable\">Jean-Bernard SAMSON :<\/span><a href=\"https:\/\/bizimugi.eu\/wp-content\/uploads\/2014\/03\/URCUIT-Pacte-+-compl\u00e9ments-Bernard-SAMSON.pdf\"><span class=\"spanTable\"><img loading=\"lazy\" decoding=\"async\" class=\"vertical-align-middle\" style=\"margin: 0px; max-width: 98%; height: auto; vertical-align: middle;\" alt=\"Pacte\" src=\"https:\/\/i2.wp.com\/bizimugi.eu\/wp-content\/uploads\/2012\/02\/pdf-icon_small.png?resize=38%2C38\" width=\"38\" height=\"38\" \/><\/span><\/a><\/p>\n<p class=\"pTable\"><span class=\"spanTable\">Laurent YANCI :<\/span><span class=\"spanTable\"><img decoding=\"async\" class=\"vertical-align-middle\" alt=\"0 engagement\" src=\"https:\/\/bizimugi.eu\/wp-content\/uploads\/2014\/03\/0enga.jpg\" height=\"38\" \/><\/span><\/p>\n<\/div>\n<h2>Urt &#8211; Ahurti<\/h2>\n<div class=\"divTable\">\n<p class=\"pTable\"><span class=\"spanTable\">Robert LATAILLADE :<\/span><a href=\"https:\/\/bizimugi.eu\/wp-content\/uploads\/2014\/03\/URT-Pacte-Robert-LATAILLADE.pdf\"><span class=\"spanTable\"><img loading=\"lazy\" decoding=\"async\" class=\"vertical-align-middle\" style=\"margin: 0px; max-width: 98%; height: auto; vertical-align: middle;\" alt=\"Pacte\" src=\"https:\/\/i2.wp.com\/bizimugi.eu\/wp-content\/uploads\/2012\/02\/pdf-icon_small.png?resize=38%2C38\" width=\"38\" height=\"38\" \/><\/span><\/a><\/p>\n<\/div>\n<h2>Villefranque &#8211; Milafranga<\/h2>\n<div class=\"divTable\">\n<p class=\"pTable\"><span class=\"spanTable\">Robert DUFOURCQ :<\/span><a href=\"https:\/\/bizimugi.eu\/wp-content\/uploads\/2014\/03\/VILLEFRANQUE-Pacte-Robert-DUFOURCQ.pdf\"><span class=\"spanTable\"><img loading=\"lazy\" decoding=\"async\" class=\"vertical-align-middle\" style=\"margin: 0px; max-width: 98%; height: auto; vertical-align: middle;\" alt=\"Pacte\" src=\"https:\/\/i2.wp.com\/bizimugi.eu\/wp-content\/uploads\/2012\/02\/pdf-icon_small.png?resize=38%2C38\" width=\"38\" height=\"38\" \/><\/span><\/a><\/p>\n<p class=\"pTable\"><span class=\"spanTable\">S\u00e9bastien DUPRAT :<\/span><a href=\"https:\/\/bizimugi.eu\/wp-content\/uploads\/2014\/03\/VILLEFRANQUE-Pacte-+-Compl\u00e9ments-S\u00e9bastien-DUPRAT.pdf\"><span class=\"spanTable\"><img loading=\"lazy\" decoding=\"async\" class=\"vertical-align-middle\" style=\"margin: 0px; max-width: 98%; height: auto; vertical-align: middle;\" alt=\"Pacte\" src=\"https:\/\/i2.wp.com\/bizimugi.eu\/wp-content\/uploads\/2012\/02\/pdf-icon_small.png?resize=38%2C38\" width=\"38\" height=\"38\" \/><\/span><\/a><\/p>\n<\/div>\n<p><a href=\"https:\/\/bizimugi.eu\/wp-content\/uploads\/2014\/03\/Nive-Adour-Errobi-Aturri.jpg\" rel=\"lightbox\"><img loading=\"lazy\" decoding=\"async\" class=\"aligncenter size-large wp-image-13416\" alt=\"Nive Adour Errobi Aturri\" src=\"https:\/\/bizimugi.eu\/wp-content\/uploads\/2014\/03\/Nive-Adour-Errobi-Aturri-500x304.jpg\" width=\"500\" height=\"304\" data-id=\"13416\" srcset=\"https:\/\/bizimugi.eu\/wp-content\/uploads\/2014\/03\/Nive-Adour-Errobi-Aturri-500x304.jpg 500w, https:\/\/bizimugi.eu\/wp-content\/uploads\/2014\/03\/Nive-Adour-Errobi-Aturri-600x365.jpg 600w, https:\/\/bizimugi.eu\/wp-content\/uploads\/2014\/03\/Nive-Adour-Errobi-Aturri-300x182.jpg 300w, https:\/\/bizimugi.eu\/wp-content\/uploads\/2014\/03\/Nive-Adour-Errobi-Aturri.jpg 1600w\" sizes=\"(max-width: 500px) 100vw, 500px\" \/><\/a><\/p>\n","protected":false},"excerpt":{"rendered":"<p>Lahonce &#8211; Lehuntze Pierre GUILLEMOTONIA : Jean-Fran\u00e7ois SAUSS\u00c9 : Mouguerre &#8211; Mugerre Roland HIRIGOYEN : Saint-Pierre-d&#8217;Irube &#8211; Hiriburu Alain IRIART : Urcuit &#8211; Urketa Barth\u00e9l\u00e9my BIDEGARAY : Jean-Bernard SAMSON : Laurent YANCI : Urt &#8211; Ahurti Robert LATAILLADE : Villefranque &#8211; Milafranga Robert DUFOURCQ : S\u00e9bastien DUPRAT :<\/p>\n","protected":false},"author":9,"featured_media":0,"parent":0,"menu_order":0,"comment_status":"closed","ping_status":"closed","template":"","meta":{"amp_status":"","footnotes":""},"_links":{"self":[{"href":"https:\/\/bizimugi.eu\/eu\/wp-json\/wp\/v2\/pages\/27077"}],"collection":[{"href":"https:\/\/bizimugi.eu\/eu\/wp-json\/wp\/v2\/pages"}],"about":[{"href":"https:\/\/bizimugi.eu\/eu\/wp-json\/wp\/v2\/types\/page"}],"author":[{"embeddable":true,"href":"https:\/\/bizimugi.eu\/eu\/wp-json\/wp\/v2\/users\/9"}],"replies":[{"embeddable":true,"href":"https:\/\/bizimugi.eu\/eu\/wp-json\/wp\/v2\/comments?post=27077"}],"version-history":[{"count":0,"href":"https:\/\/bizimugi.eu\/eu\/wp-json\/wp\/v2\/pages\/27077\/revisions"}],"wp:attachment":[{"href":"https:\/\/bizimugi.eu\/eu\/wp-json\/wp\/v2\/media?parent=27077"}],"curies":[{"name":"wp","href":"https:\/\/api.w.org\/{rel}","templated":true}]}}