{"id":27039,"date":"2014-03-16T18:00:02","date_gmt":"2014-03-16T17:00:02","guid":{"rendered":"https:\/\/bizimugi.eu\/xiberoa"},"modified":"2014-03-16T18:00:02","modified_gmt":"2014-03-16T17:00:02","slug":"xiberoa","status":"publish","type":"page","link":"https:\/\/bizimugi.eu\/eu\/xiberoa\/","title":{"rendered":"Xiberoa"},"content":{"rendered":"<h2>Cheraute &#8211; Sohuta<\/h2>\n<div class=\"divTable\">\n<p class=\"pTable\"><span class=\"spanTable\">Jean-Ren\u00e9 ARHIE :<\/span><span class=\"spanTable\"><img decoding=\"async\" class=\"vertical-align-middle\" alt=\"11 engagements\" src=\"https:\/\/bizimugi.eu\/wp-content\/uploads\/2014\/03\/11enga.jpg\" height=\"38\" \/><\/span><\/p>\n<p class=\"pTable\"><span class=\"spanTable\">Christelle MANGE:<\/span><span class=\"spanTable\"><img decoding=\"async\" class=\"vertical-align-middle\" alt=\"6 engagements\" src=\"https:\/\/bizimugi.eu\/wp-content\/uploads\/2014\/03\/6enga.jpg\" height=\"38\" \/><\/span><\/p>\n<\/div>\n<h2>Maul\u00e9on &#8211; Maule<\/h2>\n<div class=\"divTable\">\n<p class=\"pTable\"><span class=\"spanTable\">Mathias DAVANT :<\/span><span class=\"spanTable\"><img decoding=\"async\" class=\"vertical-align-middle\" alt=\"11 engagements\" src=\"https:\/\/bizimugi.eu\/wp-content\/uploads\/2014\/03\/11enga.jpg\" height=\"38\" \/><\/span><\/p>\n<p class=\"pTable\"><span class=\"spanTable\">Be\u00f1at ELKEGARRAY :<\/span><span class=\"spanTable\"><img decoding=\"async\" class=\"vertical-align-middle\" alt=\"15 engagements\" src=\"https:\/\/bizimugi.eu\/wp-content\/uploads\/2014\/03\/15enga.jpg\" height=\"38\" \/><\/span><\/p>\n<p class=\"pTable\"><span class=\"spanTable\">Michel ETCHEBEST :<\/span><span class=\"spanTable\"><img decoding=\"async\" class=\"vertical-align-middle\" alt=\"10 engagements\" src=\"https:\/\/bizimugi.eu\/wp-content\/uploads\/2014\/03\/10enga.jpg\" height=\"38\" \/><\/span><\/p>\n<p class=\"pTable\"><span class=\"spanTable\">Louis LABADOT :<\/span><span class=\"spanTable\"><img decoding=\"async\" class=\"vertical-align-middle\" alt=\"0 engagement\" src=\"https:\/\/bizimugi.eu\/wp-content\/uploads\/2014\/03\/0enga.jpg\" height=\"38\" \/><\/span><\/p>\n<\/div>\n<p><a href=\"https:\/\/bizimugi.eu\/wp-content\/uploads\/2014\/03\/Mauleon-Maule.jpg\" rel=\"lightbox\"><img loading=\"lazy\" decoding=\"async\" class=\"aligncenter size-large wp-image-13422\" alt=\"Mauleon Maule\" src=\"https:\/\/bizimugi.eu\/wp-content\/uploads\/2014\/03\/Mauleon-Maule-500x327.jpg\" width=\"500\" height=\"327\" data-id=\"13422\" srcset=\"https:\/\/bizimugi.eu\/wp-content\/uploads\/2014\/03\/Mauleon-Maule-500x327.jpg 500w, https:\/\/bizimugi.eu\/wp-content\/uploads\/2014\/03\/Mauleon-Maule-600x393.jpg 600w, https:\/\/bizimugi.eu\/wp-content\/uploads\/2014\/03\/Mauleon-Maule-300x196.jpg 300w, https:\/\/bizimugi.eu\/wp-content\/uploads\/2014\/03\/Mauleon-Maule.jpg 1600w\" sizes=\"(max-width: 500px) 100vw, 500px\" \/><\/a><\/p>\n<h2>Musculdy &#8211; Muskildi<\/h2>\n<div class=\"divTable\">\n<p class=\"pTable\"><span class=\"spanTable\">L\u00e9onie AGERGARAY :<\/span><span class=\"spanTable\"><img decoding=\"async\" class=\"vertical-align-middle\" alt=\"11 engagements\" src=\"https:\/\/bizimugi.eu\/wp-content\/uploads\/2014\/03\/11enga.jpg\" height=\"38\" \/><\/span><\/p>\n<\/div>\n","protected":false},"excerpt":{"rendered":"<p>Cheraute &#8211; Sohuta Jean-Ren\u00e9 ARHIE : Christelle MANGE: Maul\u00e9on &#8211; Maule Mathias DAVANT : Be\u00f1at ELKEGARRAY : Michel ETCHEBEST : Louis LABADOT : Musculdy &#8211; Muskildi L\u00e9onie AGERGARAY :<\/p>\n","protected":false},"author":9,"featured_media":27040,"parent":0,"menu_order":0,"comment_status":"closed","ping_status":"closed","template":"","meta":{"amp_status":"","footnotes":""},"_links":{"self":[{"href":"https:\/\/bizimugi.eu\/eu\/wp-json\/wp\/v2\/pages\/27039"}],"collection":[{"href":"https:\/\/bizimugi.eu\/eu\/wp-json\/wp\/v2\/pages"}],"about":[{"href":"https:\/\/bizimugi.eu\/eu\/wp-json\/wp\/v2\/types\/page"}],"author":[{"embeddable":true,"href":"https:\/\/bizimugi.eu\/eu\/wp-json\/wp\/v2\/users\/9"}],"replies":[{"embeddable":true,"href":"https:\/\/bizimugi.eu\/eu\/wp-json\/wp\/v2\/comments?post=27039"}],"version-history":[{"count":0,"href":"https:\/\/bizimugi.eu\/eu\/wp-json\/wp\/v2\/pages\/27039\/revisions"}],"wp:featuredmedia":[{"embeddable":true,"href":"https:\/\/bizimugi.eu\/eu\/wp-json\/wp\/v2\/media\/27040"}],"wp:attachment":[{"href":"https:\/\/bizimugi.eu\/eu\/wp-json\/wp\/v2\/media?parent=27039"}],"curies":[{"name":"wp","href":"https:\/\/api.w.org\/{rel}","templated":true}]}}