{"id":26985,"date":"2013-09-29T22:06:17","date_gmt":"2013-09-29T21:06:17","guid":{"rendered":"https:\/\/bizimugi.eu\/alternatibaren-tweetak"},"modified":"2013-09-29T22:06:17","modified_gmt":"2013-09-29T21:06:17","slug":"alternatibaren-tweetak","status":"publish","type":"page","link":"https:\/\/bizimugi.eu\/eu\/mediateka-2\/alternatibaren-tweetak\/","title":{"rendered":"Alternatibaren tweetak"},"content":{"rendered":"<h3>Tweets\u00a0\u00a0#alternatiba2013<\/h3>\n<ul>\n<li>Construisons un monde meilleur en relevant le d\u00e9fi climatique ! #Alternatiba2013<\/li>\n<li>Mundu hobea bat eraiki dezagun, erronka klimatikoari buru eginez ! #alternatiba2013<\/li>\n<li>\u00a1Construyamos un mundo mejor afrontando el reto clim\u00e1tico! #Alternatiba2013<\/li>\n<li>Let&#8217;s build a better world by tackling the climate crisis ! #Alternatiba2013\u00a0https:\/\/bizimugi.eu\/fr\/alternatiba\/call-alternatiba\/<\/li>\n<\/ul>\n<ul>\n<li>D\u00e9r\u00e8glements climatiques : les solutions, nous les avons, mettons-les en oeuvre #Alternatiba2013 le 6 Octobre 2013 \u00e0 Bayonne<\/li>\n<li>#Klima nahasmendua : aterabideak baditugu, martxan ezar ditzagun #Alternatiba2013-n, 2013ko urriaren 6an<\/li>\n<li>Alteraciones del #clima: las soluciones, las tenemos, pong\u00e1mos las en pr\u00e1ctica #Alternatiba2013 el 6 de octubre en Bayona<\/li>\n<li>Climate chaos : we have the solutions, we just need to make them happen! #Alternatiba2013 https:\/\/bizimugi.eu\/fr\/alternatiba\/call-alternatiba\/<\/li>\n<\/ul>\n<ul>\n<li>Pour changer le syst\u00e8me et pas le #climat, rendez-vous \u00e0 #Alternatiba2013 Bayonne 6 octobre 2013<\/li>\n<li>Sistema aldatzeko eta ez #klima, zatozte #Alternatiba2013ra Baionan 2013ko urriaren 6an<\/li>\n<li>Para cambiar el sistema y no el #clima, acudid a #Alternatiba2013 en Bayona el 6 de octubre del 2013<\/li>\n<li>To change the system (not the climate) see you in #Alternatiba2013: Bayonne, October 6th 2013 https:\/\/bizimugi.eu\/fr\/alternatiba\/call-alternatiba\/<\/li>\n<\/ul>\n<ul>\n<li>Les voies de la transition \u00e9nerg\u00e9tique se multiplient, rendez-vous \u00e0 Bayonne le 6 octobre pour #Alternatiba2013<\/li>\n<li>#Transizio energetikoaren bideak biderkatzen dira, hitzordua Baionan, urriaren 6an, 2013ko Alternatibarako #alternatiba2013<\/li>\n<li>Los caminos hacia la #transici\u00f3n energ\u00e9tica se multiplican, tenemos cita en Bayona el 6 de octubre en #Alternatiba2013<\/li>\n<li>The ways to the transition are multiplying, join us in Bayonne on October 6th for #Alternatiba2013 https:\/\/bizimugi.eu\/fr\/alternatiba\/call-alternatiba\/<\/li>\n<\/ul>\n<ul>\n<li>#climat Des milliers d&#8217;alternatives construisent une soci\u00e9t\u00e9 plus humaine, conviviale et solidaire #Alternatiba2013<\/li>\n<li>#Klima Milaka alternatibek lagun arteko gizarte onbera eta solidarioagoa eraikitzen dute. #alternatiba2013<\/li>\n<li>#clima Miles de alternativas construyen una sociedad donde se puede convivir de manera humana y solidaria #Alternatiba2013<\/li>\n<li>#climate: Thousands of alternatives are building a more human, friendly and just society. #Alternatiba2013 https:\/\/bizimugi.eu\/fr\/alternatiba\/call-alternatiba\/<\/li>\n<\/ul>\n<ul>\n<li>Qui a dit qu&#8217;il n&#8217;y avait pas d&#8217;alternative ? #Alternatiba2013 en est plein &#8211; d\u00e9veloppons-les ! Bayonne 6 Octobre<\/li>\n<li>Nork dio Alternatibarik ez dela ? Trumilka izanen dira #Alternatiba2013n, gara ditzagun! Baiona urriaren 6an<\/li>\n<li>\u00bfQui\u00e9n ha dicho que no existen #alternativas? Encontrar\u00e9is muchas en #Alternatiba2013 \u00a1desarroll\u00e9moslas!<\/li>\n<li>Who said there were no alternatives? #Alternatiba2013 is full of it \u2013 let&#8217;s put them to practice! Bayonne October 6th https:\/\/bizimugi.eu\/fr\/alternatiba\/call-alternatiba\/<\/li>\n<\/ul>\n<ul>\n<li>Puisque les solutions existent, qu&#8217;est-ce qu&#8217;on attend ? #Alternatiba2013<\/li>\n<li>Aterabideak direnaz geroz, zeren beha gaude? #alternatiba2013<\/li>\n<li>Existen soluciones, \u00bfqu\u00e9 estamos esperando? #alternatiba2013<\/li>\n<li>If there are solutions, what are we waiting for? #Alternatiba2013 https:\/\/bizimugi.eu\/fr\/alternatiba\/call-alternatiba\/<\/li>\n<\/ul>\n<ul>\n<li>Changeons le syst\u00e8me, pas le climat ! #Alternatiba2013<\/li>\n<li>Sistema alda dezagun, ez #klima! #alternatiba2013<\/li>\n<li>\u00a1Cambiemos el sistema y no el #clima! #alternatiba2013<\/li>\n<li>System change, not climate change! #Alternatiba2013\u00a0https:\/\/bizimugi.eu\/fr\/alternatiba\/call-alternatiba\/<\/li>\n<\/ul>\n","protected":false},"excerpt":{"rendered":"<p>Tweets\u00a0\u00a0#alternatiba2013 Construisons un monde meilleur en relevant le d\u00e9fi climatique ! #Alternatiba2013 Mundu hobea bat eraiki dezagun, erronka klimatikoari buru eginez ! #alternatiba2013 \u00a1Construyamos un mundo mejor afrontando el reto clim\u00e1tico! #Alternatiba2013 Let&#8217;s build a better world by tackling the climate crisis ! #Alternatiba2013\u00a0https:\/\/bizimugi.eu\/fr\/alternatiba\/call-alternatiba\/ D\u00e9r\u00e8glements climatiques : les solutions, nous les avons, mettons-les en oeuvre &hellip; <\/p>\n<p><a class=\"more-link btn\" href=\"https:\/\/bizimugi.eu\/eu\/mediateka-2\/alternatibaren-tweetak\/\">Continue reading<\/a><\/p>\n","protected":false},"author":9,"featured_media":0,"parent":26906,"menu_order":0,"comment_status":"closed","ping_status":"closed","template":"","meta":{"amp_status":"","footnotes":""},"_links":{"self":[{"href":"https:\/\/bizimugi.eu\/eu\/wp-json\/wp\/v2\/pages\/26985"}],"collection":[{"href":"https:\/\/bizimugi.eu\/eu\/wp-json\/wp\/v2\/pages"}],"about":[{"href":"https:\/\/bizimugi.eu\/eu\/wp-json\/wp\/v2\/types\/page"}],"author":[{"embeddable":true,"href":"https:\/\/bizimugi.eu\/eu\/wp-json\/wp\/v2\/users\/9"}],"replies":[{"embeddable":true,"href":"https:\/\/bizimugi.eu\/eu\/wp-json\/wp\/v2\/comments?post=26985"}],"version-history":[{"count":0,"href":"https:\/\/bizimugi.eu\/eu\/wp-json\/wp\/v2\/pages\/26985\/revisions"}],"up":[{"embeddable":true,"href":"https:\/\/bizimugi.eu\/eu\/wp-json\/wp\/v2\/pages\/26906"}],"wp:attachment":[{"href":"https:\/\/bizimugi.eu\/eu\/wp-json\/wp\/v2\/media?parent=26985"}],"curies":[{"name":"wp","href":"https:\/\/api.w.org\/{rel}","templated":true}]}}