{"id":26923,"date":"2013-08-13T08:56:47","date_gmt":"2013-08-13T07:56:47","guid":{"rendered":"https:\/\/bizimugi.eu\/deia-elgarrekin-mundu-hobe-bat-eraiki-dezagun-erronka-klimatikoa-altxatuz"},"modified":"2013-08-13T08:56:47","modified_gmt":"2013-08-13T07:56:47","slug":"deia-elgarrekin-mundu-hobe-bat-eraiki-dezagun-erronka-klimatikoa-altxatuz","status":"publish","type":"page","link":"https:\/\/bizimugi.eu\/eu\/deia-elgarrekin-mundu-hobe-bat-eraiki-dezagun-erronka-klimatikoa-altxatuz\/","title":{"rendered":"DEIA \u00ab Elgarrekin, mundu hobe bat eraiki dezagun, erronka klimatikoa altxatuz !\u00a0\u00bb"},"content":{"rendered":"<p>2013ko irailaren 27an, IPCCak, Klimaren Bilakaerari Buruzko Gobernuarteko Aditu Taldeak, 5. txostena argitaratu zuen, gertatzen ari den aldaketa klimatikoaren egoeraz punduaren egiteko.<\/p>\n<p>Heldu den urriaren 6an, Baionan, herritar mobilizazio anbiziotsu eta original bat antolatua da\u00a0: Alternatiba, klimaren aldaketari buru egiteko egiazko alternatiba indibidualen, kolektiboen, lurralde eta sistema mailakoen herrixka bat. Milaka jende igurikatzen da. Hau da bere helburua\u00a0:<\/p>\n<p>&#8211; Larrialdi klimatiko egoeraren mezua zabaltzea, publiko zabala eta hautetsiak molde laster eta erradikalean gure berotegi efektuko gasen ttipitzeari sentsibilizatzea, nazioarteko akordio anbiziotsu, eraginkor, behargarri eta zuzenik ez izaitearen ondorio larrieri buruz dei egitea ;<\/p>\n<p>&#8211; Desafio klimatikoaren larritasunak eta inportantziak sor ditzakeen ezintasun, suntsipen sentimendu efektueri eta eragin dezaketen desmobilizazioari buru egitea, aterabideak badirela, gure eskumenean direla eta enplegu, atsegin iturri eta jendarte zoriontsuago eta gizatiarrago baten ekarle direla erakutsiz;<\/p>\n<p>&#8211; Klimaren mekanismoen behin betiko desorekatze larriaren saihesteko baitezpadakoak diren trantsizio soziala, energetikoa eta ekologikoa igurikatu gabe abiatzera deitzea.<\/p>\n<p>Batzuek goraipatu aterabide zuzengabe, lanjeros eta eraginik gabekoetarik urrun (geo-ingeniaritza, JAO, agro-erregaiak, karbonoaren merkatuak, kalte-ordain mekanismoak, nuklearra, etab.), egunero milaka jendek, erakundek, arras arlo desberdinetan, klima aldaketaren sortzaile direnen aitzinean, milaka alternatiba gauzatzen dituzte.<\/p>\n<p>Laborarien laborantza, kontsumo arduratsua, zirkuitu laburrak, ekonomiaren bertokiratzea, lanaren eta aberastasunen partekatzea, ekoizpenaren birmoldatze soziala eta ekologikoa, finantza etikoa, ura, lurra eta oihanak bezalako denen ondasunen defentsa, arrantza iraunkorra, janari-burujabetza, elkartasuna eta partekatzea, objektuen konpontzea eta birziklatzea, hondakinen murrizketa, garraiobide eztiak eta bidaia jasangarria, eko-arraberritzea, hirien zabaltzearen eta lurren artifizializazioaren kontrako borroka, laborantzako lurren begiratzea, bioaniztasunaren defentsa, energia urritasuna eta eraginkortasuna, energia klima bihurgune planoak, trantsizioan diren hiriak, ingurumenari sentsibilizazioa, eta abar: alternatibak badira, indartuak, garatuak eta emendatuak izaitea besterik ez dute galdegiten\u00a0!<\/p>\n<p>Bakotxak gure mailan, gauzak konkretuki aldatzen, gure dinamikaren azkartzen, kontziantza hartzearen bultzatzen, eta tokiko nahiz mundu mailan erabaki onak har daitezen indar harremana sortzen segitzen ahal dugu.<\/p>\n<p>Hortarako, heldu den urriaren 6an igandez, Alternatiban izanen gira, eta gurekin etor zaitezten deneri dei egiten dizuegu.<\/p>\n<p style=\"text-align: center;\">\u00a0<a title=\"http:\/\/alternatiba.bizimugi.eu\" href=\"http:\/\/alternatiba.bizimugi.eu\"><strong>http:\/\/alternatiba.bizimugi.eu<\/strong><\/a><\/p>\n<p align=\"CENTER\"><strong>Lehen izenpetzaileak :<\/strong><\/p>\n<p>Euskal Herria\u00a0: Arrapitz, Avenir Geroa, Berri-Otxoak, Bizi!, CADE, CCFD-Pays Basque, Desazkundea, EHNE Bizkaia, Eguzki Talde antinuklear eta Ekologista, Ekoliderrak Sarea, Ekologistak Martxan, Emazteek Diote, ESK Sindikatua, Euskal Herriko Bilgune Feminista, Euskal Herriko Laborantza Ganbara, ELA Euskal Sindikatua, Fundaci\u00f3n Traperos de Ema\u00fas de Navarra, Goiener, Koop57, LAB Sindikatua, Mouguerre cadre de vie, Mugarik Gabe, Mugitu, Paf!, REAS Euskadi, REAS Navarra, S\u00e9panso 64, Solidaires Pays Basque, Terre Buissonni\u00e8re, Terre &amp; Humanisme Pays Basque, Txirrind&#8217;Ola<\/p>\n<p>Frantses Estatua: 350.org-France, 4D, ACIPA, Aderoc, L&#8217;\u00c2ge de Faire, Agir pour l&#8217;Environnement, Aitec-Ipam, Alofa Tuvalu, Amis de la Terre-France, Amigos de la Tierra-Espana, ASPRO-PNPP, ATTAC-France, Avenir climatique, Biocoop, Cedetim-Ipam, R\u00e9seau Cocagne, Les Colibris, Collectif Roosevelt, Conf\u00e9d\u00e9ration Paysanne, Convergence citoyenne pour la transition \u00e9nerg\u00e9tique, Coop\u00e9rative de finance \u00e9thique, CRID, L&#8217;\u00c9cologiste, EcoRev&#8217;, Village Emma\u00fcs Lescar, Enercoop, \u00c9nergie Partag\u00e9e, Les Faucheurs volontaires, Festival des Utopies Concr\u00e8tes, Fondation Copernic, Fondation Danielle Mitterrand-France Libert\u00e9s, Fondation Nicolas Hulot pour la Nature et l&#8217;Homme, Fondation Sciences Citoyennes, F\u00e9d\u00e9ration Syndicale Unitaire, F\u00e9d\u00e9ration des Usagers de la Bicyclette, France Nature Environnement, Greenpeace, L&#8217;Heureux Cyclage, Mouvement pour une Alternative Non-violente, Miramap, La NEF, Les Petits D\u00e9brouillards, Reporterre, R\u00e9seau F\u00e9ministe \u00ab\u00a0Ruptures\u00a0\u00bb, R\u00e9seau Semences Paysannes, R\u00e9sistance \u00e0 l&#8217;Agression Publicitaire, Sakanako Garapen Agentzia, Silence\u00a0!, Slow Food France, R\u00e9seau Sortir du Nucl\u00e9aire, STEE-EILAS, SUD-PTT, taca, Terre de liens, Union Syndicale Solidaires, Virage-\u00e9nergie IdF\/Pays de Loire\/Centre-Val de Loire\/Nord Pas de Calais<br \/>\n, Les Z&#8217;indign\u00e9(e)s<\/p>\n<p>Internazionala\u00a0: CliMates, End Ecocide in Europe, EYES, Fiare, Friends of the Earth Australia, Source, Surfrider Foundation Europe<\/p>\n<p><a href=\"https:\/\/bizimugi.eu\/wp-content\/uploads\/2013\/07\/Festival-Emmaus-Lescar-23-juillet.jepg_.jpg\" rel=\"lightbox\"><img loading=\"lazy\" decoding=\"async\" class=\"aligncenter size-full wp-image-11217\" alt=\"Festival Emmaus Lescar 23 juillet.jepg\" src=\"https:\/\/bizimugi.eu\/wp-content\/uploads\/2013\/07\/Festival-Emmaus-Lescar-23-juillet.jepg_.jpg\" width=\"545\" height=\"235\" data-id=\"11217\" \/><\/a><\/p>\n<p><em><img loading=\"lazy\" decoding=\"async\" class=\"alignright size-medium wp-image-11808\" alt=\"Stephane_Hessel\" src=\"https:\/\/bizimugi.eu\/wp-content\/uploads\/2013\/09\/Stephane_Hessel-300x200.jpg\" width=\"300\" height=\"200\" data-id=\"11808\" srcset=\"https:\/\/bizimugi.eu\/wp-content\/uploads\/2013\/09\/Stephane_Hessel-300x200.jpg 300w, https:\/\/bizimugi.eu\/wp-content\/uploads\/2013\/09\/Stephane_Hessel-600x400.jpg 600w, https:\/\/bizimugi.eu\/wp-content\/uploads\/2013\/09\/Stephane_Hessel-500x333.jpg 500w, https:\/\/bizimugi.eu\/wp-content\/uploads\/2013\/09\/Stephane_Hessel.jpg 1037w\" sizes=\"(max-width: 300px) 100vw, 300px\" \/>\u00ab Desarauketa klimatikoa areagotzen eta lastertzen ari da, oraindanik planetako populu behartsuenak eta epe ertain baten buruan bizitza zibilizatuaren baldintzak lanjerrean ezarriz.<\/em><br \/>\n<em> Alta, beroketa klimatikoari buru egiteko konponbideak badira, trantsizio energetikoari buruzko bideak biderkatzen dira; jadanik elkarte, gizabanako, herri eta eskualde ainitz probatu dituzte munduan zehar. Milaka alternatiba horiek eguneroko gizarte neurritsuago, atseginago eta solidariago baten eraikuntzan parte hartzen dute.<\/em><br \/>\n<em> Zatozte Alternatibara haien deskubritzera, Alternatiben herrixka Baionan (Euskal Herria), 2013ko Urriaren 13an gertatuko dena, IPCC edo klimaren bilakaerari buruzko gobernuarteko aditu taldearen 5. txostenaren argitaratzearen zenbait egunen ostean.<\/em><br \/>\n<em> Elgarrekin, mundu hobe bat eraiki dezagun, erronka klimatikoa altxatuz ! \u00bb<\/em><\/p>\n<p style=\"text-align: right;\"><strong>St\u00e9phane Hessel, Alternatibaren \u00a0goixaitak, 2012ko abenduaren 19an<\/strong><\/p>\n<p><a title=\"PDF - Deia\" href=\"https:\/\/bizimugi.eu\/wp-content\/uploads\/2013\/10\/Alternatiba-ren-Deialdia-90.pdf\" target=\"_blank\"><strong>\u00a0PDF &#8211; Deia<\/strong><\/a><\/p>\n<p><strong>To see this call in English, please click\u00a0<a title=\"The call\" href=\"https:\/\/bizimugi.eu\/fr\/alternatiba\/call-alternatiba\/\">here<\/a><\/strong><\/p>\n<p><a href=\"https:\/\/bizimugi.eu\/wp-content\/uploads\/2013\/08\/logos98-def.jpg\" rel=\"lightbox\"><img loading=\"lazy\" decoding=\"async\" class=\"aligncenter\" alt=\"logos98-def\" src=\"https:\/\/bizimugi.eu\/wp-content\/uploads\/2013\/08\/logos98-def-438x1024.jpg\" width=\"438\" height=\"1024\" data-id=\"12393\" \/><\/a><\/p>\n","protected":false},"excerpt":{"rendered":"<p>2013ko irailaren 27an, IPCCak, Klimaren Bilakaerari Buruzko Gobernuarteko Aditu Taldeak, 5. txostena argitaratu zuen, gertatzen ari den aldaketa klimatikoaren egoeraz punduaren egiteko. Heldu den urriaren 6an, Baionan, herritar mobilizazio anbiziotsu eta original bat antolatua da\u00a0: Alternatiba, klimaren aldaketari buru egiteko egiazko alternatiba indibidualen, kolektiboen, lurralde eta sistema mailakoen herrixka bat. Milaka jende igurikatzen da. Hau &hellip; <\/p>\n<p><a class=\"more-link btn\" href=\"https:\/\/bizimugi.eu\/eu\/deia-elgarrekin-mundu-hobe-bat-eraiki-dezagun-erronka-klimatikoa-altxatuz\/\">Continue reading<\/a><\/p>\n","protected":false},"author":11,"featured_media":0,"parent":0,"menu_order":0,"comment_status":"closed","ping_status":"closed","template":"","meta":{"amp_status":"","footnotes":""},"_links":{"self":[{"href":"https:\/\/bizimugi.eu\/eu\/wp-json\/wp\/v2\/pages\/26923"}],"collection":[{"href":"https:\/\/bizimugi.eu\/eu\/wp-json\/wp\/v2\/pages"}],"about":[{"href":"https:\/\/bizimugi.eu\/eu\/wp-json\/wp\/v2\/types\/page"}],"author":[{"embeddable":true,"href":"https:\/\/bizimugi.eu\/eu\/wp-json\/wp\/v2\/users\/11"}],"replies":[{"embeddable":true,"href":"https:\/\/bizimugi.eu\/eu\/wp-json\/wp\/v2\/comments?post=26923"}],"version-history":[{"count":0,"href":"https:\/\/bizimugi.eu\/eu\/wp-json\/wp\/v2\/pages\/26923\/revisions"}],"wp:attachment":[{"href":"https:\/\/bizimugi.eu\/eu\/wp-json\/wp\/v2\/media?parent=26923"}],"curies":[{"name":"wp","href":"https:\/\/api.w.org\/{rel}","templated":true}]}}