{"id":26843,"date":"2013-06-08T17:08:05","date_gmt":"2013-06-08T15:08:05","guid":{"rendered":"https:\/\/bizimugi.eu\/osoko-hitzaldiak"},"modified":"2013-06-08T17:08:05","modified_gmt":"2013-06-08T15:08:05","slug":"osoko-hitzaldiak","status":"publish","type":"page","link":"https:\/\/bizimugi.eu\/eu\/osoko-hitzaldiak\/","title":{"rendered":"Osoko hitzaldiak"},"content":{"rendered":"<p><a title=\"pdf\" href=\"https:\/\/bizimugi.eu\/wp-content\/uploads\/2013\/10\/PROGRAMME-conf-pleniere-eu.pdf\" target=\"_blank\">pdf bertsioa jautsi<\/a><\/p>\n<p><span style=\"font-family: Arial, sans-serif;\"><span style=\"font-size: medium;\"><span style=\"text-decoration: underline;\"><b>10:00-11:30 Fakultateko anfiteatroan :<\/b><\/span><\/span><\/span> <span style=\"color: #008000;\"><span style=\"font-family: Arial, sans-serif;\"><span style=\"font-size: medium;\"><b>Elgarrekin, mundu hobe bat eraiki dezagun, erronka klimatikoari aurre eginez<\/b><\/span><\/span><\/span> <span style=\"color: #000000;\"><span style=\"font-family: Arial, sans-serif;\"><span style=\"font-size: medium;\">IPCC\/KAGATedo Klima Aldaketari buruzko Gobernuarteko Aditu Taldearen txostenetik, mundu hobe bat eraikiz klimaren erronkari aurre egitea ahalbidetzen duten alternatibetara.\u00a0<\/span><\/span><\/span> <span style=\"font-family: Arial, sans-serif;\"><span style=\"font-size: medium;\"><span style=\"color: #000000;\">Reporterre-eko <\/span><b>Herv\u00e9 Kempf &#8211;<\/b>ek aurkeztu eta animatutako mahai ingurua<b> <\/b>(Frantsesez).<\/span><\/span> \u00a0 <span style=\"font-family: Arial, sans-serif;\"><span style=\"font-size: medium;\"><b>Christophe Cassou <\/b>(klimatologoa, ikertzailea (CNRS eta Cerfacs-en edo kalkulu zientifikoetarako europear ikerketa eta formakuntza aurreratuko zentroan)<\/span><\/span> <span style=\"font-family: Arial, sans-serif;\"><span style=\"font-size: medium;\"><b>Genevi\u00e8ve Azam <\/b>(Ekonomian Toulouse II Unibertsitatean erakasle eta ikertzaile, Attac-France-eko Kontseilu Zientifikoko kidea)<\/span><\/span> <span style=\"font-family: Arial, sans-serif;\"><span style=\"font-size: medium;\"><b>Patrick Viveret <\/b>(Filosofoa eta Kontu Kortean aholkulari\/ikuskari)<\/span><\/span> \u00a0 <b style=\"font-size: medium; font-family: Arial, sans-serif;\">11:30-12:45 Fakultateko anfiteatroan :<\/b><\/p>\n<p align=\"JUSTIFY\"><span style=\"color: #008000;\"><span style=\"font-family: Arial, sans-serif;\"><span style=\"font-size: medium;\"><b>Laborariek planeta hozten ahal dute<\/b><\/span><\/span><\/span><\/p>\n<p align=\"JUSTIFY\"><span style=\"color: #000000;\"><span style=\"font-family: Arial, sans-serif;\"><span style=\"font-size: medium;\">Laborantza herrikoi eta iraunkorraz, laborantzaren bertokiratzeaz eta laborantza lurren babesteaz aldaketa klimatikoa borrokatu (Euskaraz).<\/span><\/span><\/span><\/p>\n<p align=\"JUSTIFY\"><span style=\"font-family: Arial, sans-serif;\"><span style=\"font-size: medium;\"><span style=\"color: #000000;\">Enbata aldizkariko <\/span><span style=\"color: #000000;\"><b>Michel Bidegain<\/b><\/span><span style=\"color: #000000;\">-ek animatuko duen hitzaldia, ondoko hizlariekin:<\/span><\/span><\/span><\/p>\n<p align=\"JUSTIFY\"><span style=\"font-family: Arial, sans-serif;\"><span style=\"font-size: medium;\"><span style=\"color: #000000;\"><b>Michel Berhocoirigoin<\/b><\/span><span style=\"color: #000000;\"> (Conf\u00e9d\u00e9ration Paysanne-eko Idazkari Orokor ohia eta Euskal Herriko Laborantza Ganbara \u2013 EHLG-ko Lehendakaria)<\/span><\/span><\/span><\/p>\n<p align=\"JUSTIFY\"><span style=\"font-family: Arial, sans-serif;\"><span style=\"font-size: medium;\"><span style=\"color: #000000;\"><b>Paul Nicholson<\/b><\/span><span style=\"color: #000000;\"> (Via Campesina-ren sortzaileetariko bat, \u00a0EHNE Bizkaiakoa)<\/span><\/span><\/span><\/p>\n<p>\u00a0 <span style=\"font-family: Arial, sans-serif;\"><span style=\"font-size: medium;\"><span style=\"text-decoration: underline;\"><b>14:00-15:30 :\u00a0<\/b><\/span><span style=\"color: #000000;\"><span style=\"text-decoration: underline;\"><b>Fakultateko anfiteatroan :<\/b><\/span><\/span><\/span><\/span> <span style=\"color: #008000;\"><span style=\"font-family: Arial, sans-serif;\"><span style=\"font-size: medium;\"><b>Kirisi sozial eta ekologikoaren aurrean, zer aldaketak ekonomian eta jendartean?<\/b><\/span><\/span><\/span> <span style=\"font-family: Arial, sans-serif;\"><span style=\"font-size: medium;\">Mediapart-eko <b>Jade Lindgaard<\/b> -ek aurkeztutako mahai ingurua (Frantsesez).<\/span><\/span> \u00a0 <span style=\"font-family: Arial, sans-serif;\"><span style=\"font-size: medium;\"><b>Pierre Larrouturou, ekonomista, <\/b>Collectif Roosevelt Kolektiboa <\/span><\/span> <span style=\"font-family: Arial, sans-serif;\"><span style=\"font-size: medium;\"><b>Corinne Morel Darleux, <\/b>Eskualdeko Kontseilaria, &#8220;Ab\u00e9c\u00e9daire des radicalit\u00e9s concr\u00e8tes&#8221; edo &#8220;Erradikaltasun zehatz eta konkretuen biltegiaren&#8221; koordinatzailea<\/span><\/span> <span style=\"font-family: Arial, sans-serif;\"><span style=\"font-size: medium;\"><b>Marc Soubitez,<\/b> Bosch V\u00e9nissieux-ko lantegiko ordezkari sindikala, auto ekoizpen tradizional batetik eguzki-panel ekoizpen bateruntz joaitean topatzen diren goiti behitiak.\u00a0<\/span><\/span><\/p>\n<p><span style=\"font-family: Arial, sans-serif;\"><span style=\"font-size: medium;\"><span style=\"text-decoration: underline;\"><b>15:30-17<\/b><\/span><span style=\"color: #000000;\"><span style=\"text-decoration: underline;\"><b>:00 : Fakultateko anfiteatroan :<\/b><\/span><\/span><\/span><\/span><\/p>\n<p align=\"JUSTIFY\"><span style=\"color: #008000;\"><span style=\"font-family: Arial, sans-serif;\"><span style=\"font-size: medium;\"><b>Euskal Herriaren desafioak birmoldaketa ekologikoa, elikadura subiranotasuna eta trantsizio energetikoaren aurrean<\/b><\/span><\/span><\/span><\/p>\n<p align=\"JUSTIFY\"><span style=\"font-family: Arial, sans-serif;\"><span style=\"font-size: medium;\"><span style=\"color: #000000;\">Argia-ko <\/span><span style=\"color: #000000;\"><b>Pello Zubiria<\/b><\/span><span style=\"color: #000000;\">-k aurkeztuko eta animatuko duen Mahai Ingurua (Esukaraz)<\/span><\/span><\/span><\/p>\n<p align=\"JUSTIFY\"><span style=\"font-family: Arial, sans-serif;\"><span style=\"font-size: medium;\"><span style=\"color: #000000;\"><b>I\u00f1aki Antiguedad,<\/b><\/span><span style=\"color: #000000;\"> Euskal Herriko Unibertsitateko Geologoa<\/span><\/span><\/span><\/p>\n<p align=\"JUSTIFY\"><span style=\"font-family: Arial, sans-serif;\"><span style=\"font-size: medium;\"><span style=\"color: #000000;\"><b>Joseba Azkarraga, <\/b><\/span><span style=\"color: #000000;\">Soziologoa eta trantsizioari buruzko ikertzailea<\/span><\/span><\/span><\/p>\n<p align=\"JUSTIFY\"><span style=\"font-family: Arial, sans-serif;\"><span style=\"font-size: medium;\"><span style=\"color: #000000;\"><b>Amaia Mu\u00f1oa, <\/b><\/span><span style=\"color: #000000;\">ELA sindikatuko Idazkari Nagusi Ordea. ELA sindikatuak argitaratu du \u201cHego Euskal Herriaren birmoldaketa ekologiko eta ekonomikoa, eta, horren ondorioak enplegu desagertze eta sortze mailan\u201d.<\/span><\/span><\/span><\/p>\n<p>\u00a0 <span style=\"font-family: Arial, sans-serif;\"><span style=\"font-size: medium;\"><span style=\"text-decoration: underline;\"><b>15:00-17:00 : Fakultateko anfiteatroan :<\/b><\/span><\/span><\/span> <span style=\"color: #008000;\"><span style=\"font-family: Arial, sans-serif;\"><span style=\"font-size: medium;\"><b>Trantsizioa abian eman, hemen eta orain <\/b><\/span><\/span><\/span> <span style=\"color: #000000;\"><span style=\"font-family: Arial, sans-serif;\"><span style=\"font-size: medium;\">Ingurumen energetiko berri bat, parada on bat enpleguarentzat, klimarentzat eta prekaritatearen kontra<\/span><\/span><\/span> <span style=\"font-family: Arial, sans-serif;\"><span style=\"font-size: medium;\"><span style=\"color: #000000;\">Bastamag-eko <\/span><span style=\"color: #000000;\"><b>Sophie Chapelle<\/b><\/span><span style=\"color: #000000;\"> -ek aurkeztutako mahai ingurua (Frantsesez).<\/span><\/span><\/span> \u00a0 <span style=\"font-family: Arial, sans-serif;\"><span style=\"font-size: medium;\"><b>Thierry Salomon,<\/b> energian\u00a0 berezitua den ingeniaria, n\u00e9ga-WATT-elkarteko lehendakaria<\/span><\/span> <span style=\"font-family: Arial, sans-serif;\"><span style=\"font-size: medium;\"><b>Marc Therry,<\/b> lurralde eta enpresentzat energia estrategiei buruz aholkularia, Breta\u00f1a Erdiko Men\u00e9 Herri Elkargoko proiektuen ingeniaria<\/span><\/span><\/p>\n<p align=\"JUSTIFY\"><span style=\"font-family: Arial, sans-serif;\"><span style=\"font-size: medium;\"><span style=\"color: #000000;\"><b>Patrick Sabin,\u00a0<\/b><\/span><span style=\"color: #000000;\">Escource-eko auzapeza eta Cler-Comit\u00e9 de liaison \u00e9nergies renouvelables-eko kidea<\/span><\/span><\/span><\/p>\n","protected":false},"excerpt":{"rendered":"<p>pdf bertsioa jautsi 10:00-11:30 Fakultateko anfiteatroan : Elgarrekin, mundu hobe bat eraiki dezagun, erronka klimatikoari aurre eginez IPCC\/KAGATedo Klima Aldaketari buruzko Gobernuarteko Aditu Taldearen txostenetik, mundu hobe bat eraikiz klimaren erronkari aurre egitea ahalbidetzen duten alternatibetara.\u00a0 Reporterre-eko Herv\u00e9 Kempf &#8211;ek aurkeztu eta animatutako mahai ingurua (Frantsesez). \u00a0 Christophe Cassou (klimatologoa, ikertzailea (CNRS eta Cerfacs-en edo &hellip; <\/p>\n<p><a class=\"more-link btn\" href=\"https:\/\/bizimugi.eu\/eu\/osoko-hitzaldiak\/\">Continue reading<\/a><\/p>\n","protected":false},"author":11,"featured_media":26844,"parent":0,"menu_order":1,"comment_status":"closed","ping_status":"closed","template":"","meta":{"amp_status":"","footnotes":""},"_links":{"self":[{"href":"https:\/\/bizimugi.eu\/eu\/wp-json\/wp\/v2\/pages\/26843"}],"collection":[{"href":"https:\/\/bizimugi.eu\/eu\/wp-json\/wp\/v2\/pages"}],"about":[{"href":"https:\/\/bizimugi.eu\/eu\/wp-json\/wp\/v2\/types\/page"}],"author":[{"embeddable":true,"href":"https:\/\/bizimugi.eu\/eu\/wp-json\/wp\/v2\/users\/11"}],"replies":[{"embeddable":true,"href":"https:\/\/bizimugi.eu\/eu\/wp-json\/wp\/v2\/comments?post=26843"}],"version-history":[{"count":0,"href":"https:\/\/bizimugi.eu\/eu\/wp-json\/wp\/v2\/pages\/26843\/revisions"}],"wp:featuredmedia":[{"embeddable":true,"href":"https:\/\/bizimugi.eu\/eu\/wp-json\/wp\/v2\/media\/26844"}],"wp:attachment":[{"href":"https:\/\/bizimugi.eu\/eu\/wp-json\/wp\/v2\/media?parent=26843"}],"curies":[{"name":"wp","href":"https:\/\/api.w.org\/{rel}","templated":true}]}}