{"id":26784,"date":"2013-02-01T18:59:22","date_gmt":"2013-02-01T17:59:22","guid":{"rendered":"https:\/\/bizimugi.eu\/que-quiere-decir-bizi"},"modified":"2013-02-01T18:59:22","modified_gmt":"2013-02-01T17:59:22","slug":"que-quiere-decir-bizi","status":"publish","type":"page","link":"https:\/\/bizimugi.eu\/eu\/nor-gira\/que-quiere-decir-bizi\/","title":{"rendered":"\u00bfQue quiere decir Bizi?"},"content":{"rendered":"<h2>castellano &#8211; espagnol:<\/h2>\n<p><strong>Bizi\u00a0!, que quiere decir \u00ab\u00a0vivir\u00a0\u00bb en idioma vasca, es un\u00a0movimiento\u00a0(altermundialista)\u00a0no-violento,\u00a0independiente de cualquier partido pol\u00edtico , luchando sobre el tema de la urgencia ecologista y la justicia social. Creado en 2009 en el contexto de varias movilizaciones antes de la cumbre de Copenhague.\u00a0Bizi !\u00a0\u00a0tiene como campo de\u00a0acci\u00f3n el Pa\u00eds Vasco, relacionado\u00a0con los desaf\u00edos mundiales que son el cambio clim\u00e1tico y\u00a0 el fin de las energ\u00edas f\u00f3siles baratas.<\/strong><\/p>\n<p><strong>Queremos articular y relacionar en\u00a0permanencia nuestra acci\u00f3n siguiendo estos 6 pilares sobre los cuales queremos articular y relacionar en permanencia nuestra acci\u00f3n son:<\/strong><\/p>\n<p><strong>1.\u00a0\u00a0\u00a0\u00a0\u00a0\u00a0El\u00a0diagn\u00f3stico\u00a0, la cr\u00edtica y las resistencias.<\/strong><\/p>\n<p><strong>2.\u00a0\u00a0\u00a0\u00a0\u00a0\u00a0La elaboraci\u00f3n\u00a0\u00a0de propuestas concretas.<\/strong><\/p>\n<p><strong>3.\u00a0\u00a0\u00a0\u00a0\u00a0\u00a0La lucha por alternativas colectivas, locales y posibles desde hoy.<\/strong><\/p>\n<p><strong>4.\u00a0\u00a0\u00a0\u00a0\u00a0\u00a0La modificaci\u00f3n de comportamientos individuales y la pedagog\u00eda de la pr\u00e1ctica.<\/strong><\/p>\n<p><strong>5.\u00a0\u00a0\u00a0\u00a0\u00a0\u00a0La formaci\u00f3n interna y externa.<\/strong><\/p>\n<p><strong>6.\u00a0\u00a0\u00a0\u00a0\u00a0\u00a0La participaci\u00f3n a la reflexi\u00f3n y movilizaci\u00f3n mundial.<\/strong><\/p>\n<p>&#8212;&#8212;&#8212;&#8212;&#8212;&#8212;&#8212;&#8212;&#8212;&#8212;&#8212;&#8212;&#8212;&#8212;&#8212;&#8212;&#8212;&#8212;&#8212;&#8212;&#8212;&#8212;&#8212;&#8212;&#8212;&#8212;&#8212;&#8212;&#8212;&#8212;&#8212;&#8212;&#8212;&#8212;&#8212;&#8212;&#8212;&#8212;&#8212;&#8212;&#8212;&#8212;&#8212;&#8212;-<\/p>\n<h2>English &#8211; anglais:<\/h2>\n<p><strong>Bizi\u00a0!, which means \u00ab\u00a0<i>to live\u00a0!<\/i>\u00a0\u00bb in Basque language, is an ecological and non-violent grassroots organization, independant from political parties.<\/strong><\/p>\n<p><strong>Created in 2009 during the dynamics of mobilization before the climate summit COP15 of Copenhagen, Bizi ! takes action in the Basque Country, linked with global challenges of climate change and peak oil.<\/strong><\/p>\n<p><strong>The 6 pillars on which Bizi ! wants to articulates and bind its action are:<\/strong><br \/>\n<strong> 1. diagnosis, critic and resistance;<\/strong><br \/>\n<strong> 2. concrete proposals;<\/strong><br \/>\n<strong> 3. struggle for collective and local alternatives that are possible to implement today;<\/strong><br \/>\n<strong> 4. changing individual behavior by practice teaching;<\/strong><br \/>\n<strong> 5. internal and external training;<\/strong><br \/>\n<strong> 6. participation in international thinking and international mobilization.<\/strong><\/p>\n<p>&#8212;&#8212;&#8212;&#8212;&#8212;&#8212;&#8212;&#8212;&#8212;&#8212;&#8212;&#8212;&#8212;&#8212;&#8212;&#8212;&#8212;&#8212;&#8212;&#8212;&#8212;&#8212;&#8212;&#8212;&#8212;&#8212;&#8212;&#8212;&#8212;&#8212;&#8212;&#8212;&#8212;&#8212;&#8212;&#8212;&#8212;&#8212;&#8212;&#8212;&#8212;&#8212;&#8212;&#8212;-<\/p>\n","protected":false},"excerpt":{"rendered":"<p>castellano &#8211; espagnol: Bizi\u00a0!, que quiere decir \u00ab\u00a0vivir\u00a0\u00bb en idioma vasca, es un\u00a0movimiento\u00a0(altermundialista)\u00a0no-violento,\u00a0independiente de cualquier partido pol\u00edtico , luchando sobre el tema de la urgencia ecologista y la justicia social. Creado en 2009 en el contexto de varias movilizaciones antes de la cumbre de Copenhague.\u00a0Bizi !\u00a0\u00a0tiene como campo de\u00a0acci\u00f3n el Pa\u00eds Vasco, relacionado\u00a0con los desaf\u00edos &hellip; <\/p>\n<p><a class=\"more-link btn\" href=\"https:\/\/bizimugi.eu\/eu\/nor-gira\/que-quiere-decir-bizi\/\">Continue reading<\/a><\/p>\n","protected":false},"author":11,"featured_media":0,"parent":26558,"menu_order":0,"comment_status":"closed","ping_status":"closed","template":"","meta":{"amp_status":"","footnotes":""},"_links":{"self":[{"href":"https:\/\/bizimugi.eu\/eu\/wp-json\/wp\/v2\/pages\/26784"}],"collection":[{"href":"https:\/\/bizimugi.eu\/eu\/wp-json\/wp\/v2\/pages"}],"about":[{"href":"https:\/\/bizimugi.eu\/eu\/wp-json\/wp\/v2\/types\/page"}],"author":[{"embeddable":true,"href":"https:\/\/bizimugi.eu\/eu\/wp-json\/wp\/v2\/users\/11"}],"replies":[{"embeddable":true,"href":"https:\/\/bizimugi.eu\/eu\/wp-json\/wp\/v2\/comments?post=26784"}],"version-history":[{"count":0,"href":"https:\/\/bizimugi.eu\/eu\/wp-json\/wp\/v2\/pages\/26784\/revisions"}],"up":[{"embeddable":true,"href":"https:\/\/bizimugi.eu\/eu\/wp-json\/wp\/v2\/pages\/26558"}],"wp:attachment":[{"href":"https:\/\/bizimugi.eu\/eu\/wp-json\/wp\/v2\/media?parent=26784"}],"curies":[{"name":"wp","href":"https:\/\/api.w.org\/{rel}","templated":true}]}}