{"id":26623,"date":"2011-06-21T00:05:28","date_gmt":"2011-06-20T22:05:28","guid":{"rendered":"https:\/\/bizimugi.eu\/1-objectifs-et-projets-dactions"},"modified":"2011-06-21T00:05:28","modified_gmt":"2011-06-20T22:05:28","slug":"1-objectifs-et-projets-dactions","status":"publish","type":"page","link":"https:\/\/bizimugi.eu\/eu\/1-objectifs-et-projets-dactions\/","title":{"rendered":"1 \u2013 Objectifs et projets d\u2019actions"},"content":{"rendered":"<p><strong>Axe de travail : Banques fossiles<\/strong><\/p>\n<p><strong> <\/strong><\/p>\n<p><strong>D\u00e9finir en 5 lignes en quoi consiste cet axe de travail :<\/strong><\/p>\n<p><strong> <\/strong><\/p>\n<p>Les banques install\u00e9es en France g\u00e8rent un actif \u00e9gal \u00e0 3 fois le PIB de la France. Il s&#8217;agit principalement de notre argent. 99 % des m\u00e9nages dans l&#8217;Etat fran\u00e7ais ont un compte en banque. C&#8217;est d&#8217;ailleurs une obligation pour recevoir les prestations sociales par exemple. Or personne ne se demande \u00ab\u00a0\u00e0 quoi sert cet argent ?\u00a0\u00bb et laisse les banques libres et tranquilles de l&#8217;utiliser \u00e0 leur guise.<\/p>\n<p>La campagne Banques Fossiles vise \u00e0 donner un sens au choix de sa banque et \u00e0 nous assurer que notre argent contribue d&#8217;avantage \u00e0 prot\u00e9ger la plan\u00e8te qu&#8217;\u00e0 la d\u00e9truire.<\/p>\n<p>Cette campagne doit \u00e9galement permettre un activisme proche des gens, motivant et attractif pour les jeunes, avec des objectifs \u00e9valuables, des actions possibles partout en Iparralde et pas qu&#8217;\u00e0 Bayonne.<\/p>\n<p>Elle sera le premier pallier d&#8217;un travail qui peut aller beaucoup plus loin apr\u00e8s la compr\u00e9hension du r\u00f4le des banques, du cr\u00e9dit, et la formation sur les alternatives possibles au niveau cr\u00e9dit solidaire et local, monnaie locales etc&#8230;.<\/p>\n<p><strong><em>1) Le diagnostic, la critique, ce qu&#8217;on d\u00e9nonce :<\/em><\/strong><\/p>\n<p><em>(Ici, il est \u00e9galement demand\u00e9 de lister les possibilit\u00e9s d&#8217;actions de protestation, d&#8217;explication p\u00e9dagogique, les actions symboliques et l&#8217;agit-prop que l&#8217;axe en question permet) :<\/em><\/p>\n<p>Les \u00e9missions indirectes des banques fran\u00e7aises (via leurs choix de financements et d&#8217;investissements et leur m\u00e9tier de conseil financier) repr\u00e9sente plus de trois fois les \u00e9missions totales de la France (soit 5,06 % des \u00e9missions mondiales totales). Nous avons donc l\u00e0 une cible de choix pour avoir un impact de taille sur le r\u00e9chauffement climatique : nous pouvons exercer tr\u00e8s fortement notre travail de \u00ab\u00a0colibri\u00a0\u00bb.<\/p>\n<p>Au del\u00e0 de la question du r\u00e9chauffement climatique, ces investissements des banques fran\u00e7aises financent \u00e9galement trop de projets \u00e9cologiquement et socialement destructeurs : centrale nucl\u00e9aire dans une zone sismique, projet p\u00e9trolier et gazier mena\u00e7ant gravement la bio-diversit\u00e9 de l&#8217;\u00eele de Sakhaline, production de bombes \u00e0 sous-munitions ou d&#8217;armes \u00e0 uranium appauvri, projet expropriant des milliers de petits paysans etc&#8230;.<\/p>\n<p>Trois banques fran\u00e7aises, tr\u00e8s puissantes \u00e0 l&#8217;international, se distinguent et sont particuli\u00e8rement impliqu\u00e9es dans l&#8217;investissement \u00e9cologiquement et socialement destructeur : <strong>BNP Paribas, Soci\u00e9t\u00e9 G\u00e9n\u00e9rale et le Cr\u00e9dit Agricole-LCL.<\/strong><\/p>\n<p><strong> La campagne Banques Fossiles visera plus particuli\u00e8rement ces trois banques par des actions symboliques, p\u00e9dagogiques ou spectaculaires, <\/strong>appelant \u00e0 leur boycott (retirer les comptes que les gens ont dans ces banques tant qu&#8217;elles ne font pas preuve de transparence et qu&#8217;elle ne corrigent pas le choix de leurs investissements internationaux).<\/p>\n<p>Toute la panoplie de l&#8217;activisme non-violent mais d\u00e9termin\u00e9 et spectaculaire sera d\u00e9ploy\u00e9 pour attirer l&#8217;attention des gens sur le mot d&#8217;ordre de boycott de ces trois banques l\u00e0, par des actions qui pourront se faire de Maul\u00e9on \u00e0 Hendaye.<\/p>\n<p><strong> <\/strong><\/p>\n<p><strong> <\/strong><\/p>\n<p><strong> <\/strong><\/p>\n<p><strong> <\/strong><\/p>\n<p><strong><em>2)\u00a0\u00a0 Ce que nous avons \u00e0 proposer globalement sur ce th\u00e8me :<\/em><\/strong><\/p>\n<p><em>En quoi la bataille sur ce th\u00e8me renforce nos valeurs, participe \u00e0 dessiner le mod\u00e8le de soci\u00e9t\u00e9 auquel nous aspirons ?<\/em><\/p>\n<p>Cette campagne est un premier pallier devant \u00e0 nous amener \u00e0 r\u00e9fl\u00e9chir plus loin sur le r\u00f4le des banques, du cr\u00e9dit, de la monnaie, et \u00e0 voir sur ce terrain quels embryons d&#8217; alternatives plus audacieuses nous pouvons construire par la suite, une fois que nous ma\u00eetriserons collectivement bien ce th\u00e8me.<\/p>\n<p>Dans un premier temps, nous nous contenterons de demander l&#8217;am\u00e9lioration de la transparence des banques, la r\u00e9duction des risques environnementaux et sociaux dans les choix d&#8217;investissements, le calcul et la r\u00e9duction des \u00e9missions de gaz \u00e0 effets de serre induites par les financements, le soutien aux alternatives durables (efficacit\u00e9 \u00e9nerg\u00e9tique, \u00e9nergies renouvelables, \u00e9co-produits type Baso berri etc&#8230;) (Aujourd&#8217;hui les banques financent 10 fois plus les \u00e9nergies fossiles polluantes que les \u00e9nergies renouvelables).<\/p>\n<p>Participer au renforcement de secteurs bancaires et mutualistes porteurs de projets citoyens favorisant une \u00e9conomie solidaire, \u00e9thique, \u00e9cologique est \u00e0 notre port\u00e9e en agissant \u00e0 tous les niveaux du local au global.<\/p>\n<p><strong> <\/strong><\/p>\n<p><strong><em>3)<\/em><\/strong><em> <strong>Quelles mesures concr\u00e8tes<\/strong> , imm\u00e9diates et r\u00e9alisables pouvons nous proposer, pouvons nous mettre au coeur de nos mobilisations et actions ? Dans quelles instances locales pouvons nous peser pour faire aboutir ces propositions ? Quels sont les organes d\u00e9cisionnels ? Quels dispositifs l\u00e9gislatifs existent-ils dans ce domaine, sur lesquels nous pouvons nous appuyer ? Sur quels exemples (communes ou r\u00e9gions, exp\u00e9riences associatives etc&#8230;) pouvons nous nous appuyer concr\u00e8tement pour d\u00e9montrer la faisabilit\u00e9 et l&#8217;int\u00e9ret de ces mesures ?<\/em><\/p>\n<p>Notre campagne sera un \u00e9l\u00e9ment de plus dans une campagne men\u00e9e au niveau international, et au niveau de l&#8217;Etat fran\u00e7ais, pour faire pression contre un certain nombre de banques au comportement irresponsable, pour les obliger \u00e0 changer ces comportements. Quelques victoires partielles ont d\u00e9j\u00e0 ainsi \u00e9t\u00e9 obtenues (abandon de certains projets par suite du renoncement de certaines banques \u00e0 participer \u00e0 leur financement).<\/p>\n<p>Il s&#8217;agit \u00e9galement de renforcer les circuits privil\u00e9giant l&#8217;investissement \u00e9cologiquement et socialement responsable.<\/p>\n<p>Nous viserons le public des particuliers, mais \u00e9galement des associations et des collectivit\u00e9s territoriales.<\/p>\n<p><strong>Dispositions l\u00e9gislatives :<\/strong> depuis 2005, il est totalement gratuit de fermer un compte courant ou un compte d&#8217;\u00e9pargne. Il existe \u00e9galement un \u00ab\u00a0Guide de la mobilit\u00e9 bancaire\u00a0\u00bb \u00e9dit\u00e9 par la F\u00e9d\u00e9ration Bancaire Fran\u00e7aise, notamment pour les produits d&#8217;\u00e9pargne et les pr\u00eats.<\/p>\n<p><strong><em> <\/em><\/strong><\/p>\n<p><strong><em>4)\u00a0\u00a0 Quelles alternatives concr\u00e8tes et collectives pouvant nous construire dans ce domaine ?<\/em><\/strong><\/p>\n<p><em> Quelles actions concr\u00e8tes sur des niches, sph\u00e8res, cercle, ayant valeur d&#8217;exemple voir de d\u00e9veloppement \u00e9chappant au syst\u00e8me, cr\u00e9ation d&#8217;activit\u00e9s responsables, mod\u00e8les locaux de d\u00e9veloppement&#8230;Quels changements de comportements individuels cet axe de travail peut il produire ?<\/em><\/p>\n<p>Nous pouvons pousser les gens \u00e0 se poser la question du choix de la banque dans lesquels ils placent leur compte, ce qu&#8217;on ne fait presque jamais.<\/p>\n<p>Il s&#8217;agit de choisir la banque la moins \u00e9cologiquement et socialement destructrice, en fonction de ses possibilit\u00e9s, et de quitter sa banque (notamment si on est dans une des trois suivantes : <strong>BNP Paribas, Soci\u00e9t\u00e9 G\u00e9n\u00e9rale et le Cr\u00e9dit Agricole-LCL.).<\/strong><\/p>\n<p><strong> <\/strong>Il faut faire conna\u00eetre par un courrier type les raisons de son d\u00e9part \u00e0 la direction de la banque qu&#8217;on quitte et faire comptabiliser ce d\u00e9part par Bizi.<\/p>\n<p>4 groupes bancaires importants (qui ont donc des agences un peu partout) sont un peu moins mal not\u00e9s dans le palmar\u00e8s des risques environnementaux et sociaux : La Banque Postale, la Banque populaire, la Caisse d&#8217;\u00e9pargne et le Cr\u00e9dit Mutuel-CIC. O\u00f9 qu&#8217;ils habitent, les gens peuvent donc assez facilement quitter les trois banques les plus pollueuses.<\/p>\n<p>Si l&#8217;on habite ou travaille autour de Bayonne, on peut prendre comme banque le Cr\u00e9dit Coop\u00e9ratif, ou encore mieux la NEF (qui est h\u00e9berg\u00e9e dans les locaux du cr\u00e9dit coop\u00e9ratif, 36, all\u00e9es Marines \u00e0 Bayonne).<\/p>\n<p>La NEF est une coop\u00e9rative de finances solidaires. Elle s&#8217;est donn\u00e9e pour mission d&#8217;utiliser l&#8217;\u00e9pargne citoyenne qui lui est confi\u00e9e pour financer exclusivement des projets dans les domaines environnementaux, sociaux et culturels. Ses activit\u00e9s se d\u00e9roulent dans la transparence totale : la NEF est en effet le seul acteur financier fran\u00e7ais \u00e0 publier chaque ann\u00e9e l&#8217;int\u00e9gralit\u00e9 des projets qu&#8217;elle finance en incluant le montant du pr\u00eat octroy\u00e9 et la description des activit\u00e9s financ\u00e9es.<\/p>\n<p>La NEF a lanc\u00e9 un projet visant \u00e0 devenir une banque \u00e9thique europ\u00e9enne d&#8217;ici peuavec plusieurs partenaires.<\/p>\n<p><strong> <\/strong><\/p>\n<p><strong> <\/strong><\/p>\n<p><strong> <\/strong><\/p>\n<p><strong> <\/strong><\/p>\n<p><em>5)\u00a0\u00a0 <strong>Quelles actions de formation<\/strong> interne peut on envisager autour de ce th\u00e8me ?<\/em><\/p>\n<p><em>Quelles actions de formation externe peut on envisager autour de ce th\u00e8me ?<\/em><\/p>\n<p>Nous pouvons faire venir Yann Louvel, responsable de la campagne Finance responsable aux Amis de la Terre qui explique tout cela tr\u00e8s bien. Cela peut-\u00eatre une conf\u00e9rence grand public, suivie par une session de deux heures plus approfondie pour les gens de Bizi.<\/p>\n<p>On peut \u00e9galement envisager de faire une formation plus th\u00e9orique sur le syst\u00e8me bancaire, le cr\u00e9dit et la monnaie (avec des gens comme Jean-Marie Harribey par exemple).<\/p>\n<p>On peut \u00e9galement organiser des formations pratiques sur des syst\u00e8mes alternatifs ou des exp\u00e9riences de relocalisation solidaire au niveau du cr\u00e9dit ou de la monnaie.<\/p>\n<p>Utiliser le livret des Amis de la Terre \u00ab\u00a0Environnement : comment choisir ma banque ?\u00a0\u00bb<\/p>\n<p>R\u00e9cup\u00e9rer une petite BD qui d\u00e9cortiquait le syst\u00e8me bancaire et le cr\u00e9dit dans une perspective anti-capitaliste et de mani\u00e8re tr\u00e8s p\u00e9dagogique, et la diffuser assez largement?<\/p>\n<p>Faire des BD d\u00e9tourn\u00e9es pour d\u00e9noncer le r\u00f4le des banques : Picsou s&#8217;y pr\u00eaterait sans doute assez bien, ainsi que certains \u00e9pisodes des Bidochons<\/p>\n<p>Voir ce qui existe expliquant la derni\u00e8re crise du syst\u00e8me bancaire, et la mani\u00e8re dont l&#8217;aide massive des Etats a permis de retarder l&#8217;\u00e9ch\u00e9ance de l&#8217;\u00e9croulement global&#8230;.<\/p>\n<p><strong><em> <\/em><\/strong><\/p>\n<p><strong><em>6) Quelles participations<\/em><\/strong><em> \u00e0 des campagnes ou des structures internationales sont elles possibles sur ce th\u00e8me l\u00e0 ?<\/em><\/p>\n<p>A l&#8217;\u00e9chelle internationale, le r\u00e9seau d&#8217;ONG BankTrack fait un gros travail de suivi et de d\u00e9nonciation des agissements des banques. Ce sont les Amis de la Terre qui font le relai au niveau de l&#8217;Etat fran\u00e7ais. Voir le site <span style=\"text-decoration: underline\">www.financeresponsable.org<\/span> pour en savoir plus.<\/p>\n<p>Bizi ! se ferait le relai au niveau du pays Basque nord de ce travail en apportant sa sp\u00e9cificit\u00e9, et en essayant d&#8217;avoir des r\u00e9sultats qui pourraient peut-\u00eatre motiver d&#8217;autres groupes \u00e0 en faire de m\u00eame dans leur coin, le tout faisant peu \u00e0 peu boule de neige.<\/p>\n<p><strong> <\/strong><\/p>\n<p><strong><em>7) Localement, quelles alliances<\/em><\/strong><em> sont elles envisageables ou souhaitables dans le cadre de cet axe de travail l\u00e0 ?<\/em><\/p>\n<p>Dans un premier temps, Bizi ! doit lancer la campagne seul. Au niveau du travail de formation, un travail en commun avec ATTAC est souhaitable. Voir \u00e9galement ce qui peut \u00eatre retir\u00e9 des exp\u00e9riences d&#8217;Hemen Herrikoa, les CLEFEs etc&#8230;. A voir \u00e9galement ce qui peut \u00eatre fait en collaboration avec la Conf\u00e9d\u00e9ration Syndicale du Cadre de Vie (CSCV), les associations de d\u00e9fense de consommateurs&#8230;.<\/p>\n<p><strong><em>8) Formuler ici une esquisse de plan d&#8217;action et de calendrier de travail<\/em><\/strong><em> envisageables autour de cet axe de travail l\u00e0.<\/em><\/p>\n<p>Fin avril : premi\u00e8re action spectaculaire d\u00e9non\u00e7ant les trois banques, rapidement suivie d&#8217;une conf\u00e9rence de presse pour expliquer la campagne, puis quelques semaines apr\u00e8s de la conf\u00e9rence avec Yann Louvel.<\/p>\n<p>En juin, une vid\u00e9o \u00e0 faire circuler par le mail, montrant les premiers retraits concrets de compte de ces trois banques, et montrant des personnes ouvrant un compte \u00e0 la NEF.<\/p>\n<p>Pour la f\u00eate de la musique, coller des dazibaos explicatifs sur le maximum d&#8217;agences des 3 banques en question.<\/p>\n<p>Pr\u00e9parer une affiche et un tract qui pourraient \u00eatre diffus\u00e9s massivement pendant les f\u00eates de village de cet \u00e9t\u00e9 et pendant les f\u00eates de Bayonne. Collage d&#8217;une affiche sp\u00e9ciale sur le maximum de distributeurs automatiques.<\/p>\n<p>A partir de la rentr\u00e9e 2010-2011, permanence hebdomadaire au local de Bizi pour aider les gens dans leur d\u00e9marches de fermeture de compte, et pour r\u00e9pondre \u00e0 toutes les questions qu&#8217;ils peuvent se poser, permanence chaque mois dans tel ou tel coin d&#8217;Iparralde.<\/p>\n<p>Organiser un concert sauvage dans une banque, un peu \u00e0 la Rage Against The Machine \u00e0 Wall Street. En faire une vid\u00e9o \u00e0 faire tourner partout.<\/p>\n<p>D\u00e9cr\u00e9ter une journ\u00e9e \u00ab\u00a0Picketting\u00a0\u00bb ou Die-In devant le maximum d&#8217;agences des trois banques \u00e0 travers tout Iparralde. Ou bien des rassemblements festifs, autour de musiciens, trikitixa, th\u00e9\u00e2tre, jonglage&#8230;.<\/p>\n<p>Septembre : Faire tous les march\u00e9s les uns apr\u00e8s les autres avec une distribution de tracts, en tee-shirts Bizi<\/p>\n<p>Organiser le Bizi Itzuli sur ce th\u00e8me l\u00e0 ? En s&#8217;arr\u00eatant avec une banderole d\u00e9nonciatrice devant le maximum d&#8217;agences ?<\/p>\n<p>Ou pr\u00e9parer un tour d&#8217;Iparralde avec le bus des D\u00e9sob\u00e9issant, roulant \u00e0 l&#8217;huile de r\u00e9cup\u00e9ration, avec stand anim\u00e9 dans chaque bled travers\u00e9 ?<\/p>\n<p>Envisager une journ\u00e9e massive d&#8217;actions sur le maximum de distributeurs automatiques.<\/p>\n<p>Organiser une semaine \u00ab\u00a0Je change de banque\u00a0\u00bb<\/p>\n<p>D\u00e9tourner syst\u00e9matiquement les pubs de ces trois banques. Ainsi que leurs logos. En faire des autocollants \u00e0 vendre ?<\/p>\n<p>Mettre dans le blog de Bizi une rubrique sp\u00e9ciale sur cette campagne, avec l&#8217;explication de la campagne, les dates des actions \u00e0 venir, les heures et lieux des permanences tenues par Bizi, les modalit\u00e9s de fermeture de compte et d&#8217;ouverture \u00e0 la NEF etc&#8230;<\/p>\n<p>Mettre des t\u00e9moignages de gens ayant chang\u00e9 de banque. Mettre une colonne avec le total de retraits de banque, et l&#8217;objectif \u00e0 atteindre.<\/p>\n<p><strong><em>D\u00e9finir les objectifs concrets<\/em><\/strong><em> que l&#8217;on se fixe sur cet axe de travail l\u00e0. <\/em><\/p>\n<p><strong><em>D\u00e9finir des \u00e9ch\u00e9ances th\u00e9oriques.<\/em><\/strong><em> Le tout devant permettre de proc\u00e9der \u00e0 une \u00e9valuation au terme des d\u00e9lais indiqu\u00e9s :<\/em><\/p>\n<p>L&#8217;objectif concret, \u00e9valuable, est d&#8217;arriver \u00e0 500 retraits de compte des 3 banques en question. Il faudrait viser \u00e0 faire ouvrir autant, m\u00eame si ce n&#8217;est pas forc\u00e9ment les m\u00eames gens (habitants de Bayonne, ce qui r\u00e9duit le potentiel, mais pouvant \u00eatre dans d&#8217;autres banques que les 3 plus pollueuses), de comptes au cr\u00e9dit coop\u00e9ratif et \u00e0 la NEF.<\/p>\n<p>Ces objectifs quantitatifs sont l\u00e0 pour nous servir de rep\u00e8res, d&#8217;aiguillons et pour visualiser le caract\u00e8re massif que nous voulons donner \u00e0 cette campagne.<\/p>\n<p>Arriv\u00e9s \u00e0 cet objectif, se poser la question d&#8217;une seconde phase de la campagne; allant plus loin dans la recherche d&#8217;alternatives au syst\u00e8me bancaire capitaliste.<\/p>\n<p><em> <\/em><\/p>\n<p><em> <\/em><\/p>\n<p><em> <\/em><\/p>\n<p><em> <\/em><\/p>\n<p><em> <\/em><\/p>\n<p><strong><em>9) D\u00e9tailler les possibilit\u00e9s concr\u00e8tes d&#8217;auto-financement<\/em><\/strong><em> de cet axe de travail l\u00e0 ?<\/em><\/p>\n<p>Pointer les diverses manifestations pr\u00e9vues sur l&#8217;\u00e9conomie solidaire dans la r\u00e9gion et y tenir un stand \u2013 demande de soutien financier. Voir s&#8217;il existe des sources de financement destin\u00e9es au soutien \u00e0 l&#8217;\u00e9conomie solidaire et dont on pourrait profiter en partie.<\/p>\n<p>Voir avec l&#8217;Atalante pour organiser une soir\u00e9e sp\u00e9ciale autour d&#8217;un film traitant de ce type de th\u00e9matique, avec un buffet au b\u00e9n\u00e9fice de la campagne.<\/p>\n<p>Faire des soir\u00e9es autour du\u00a0 film \u00ab\u00a0<span style=\"text-decoration: underline\">Let&#8217;s Make Money\u00a0\u00bb<\/span> , avec un ap\u00e9ro au profit de la campagne.<\/p>\n<p><em>10) <strong>Quels sont les membres de Bizi ! pr\u00eat(e)s<\/strong> \u00e0 s&#8217;investir sur cet axe de travail l\u00e0 ?<\/em><\/p>\n<p><strong> <\/strong>Daniel, Txetx, Seb et Vincent\u2026<\/p>\n<p>Qui d&#8217;autre pr\u00eat(e) \u00e0 lancer avec nous cet axe de travail ?<\/p>\n<p><em>Quels sont les publics susceptibles d&#8217;\u00eatre attir\u00e9s par cet axe de travail l\u00e0 et de fournir de nouveaux militants pour le prendre en charge ?<\/em><\/p>\n<p>Le public militant (abertzale, associatif, altermondialiste&#8230;.) qui ne s&#8217;est jamais pos\u00e9 la question du choix de sa banque.<\/p>\n<p>Un public jeune attir\u00e9 par la multitude d&#8217;actions qu&#8217;on peut faire contre les 3 banques. Le groupe des lyc\u00e9ens pour se faire le relai de cette campagne sur les lyc\u00e9es<\/p>\n","protected":false},"excerpt":{"rendered":"<p>Axe de travail : Banques fossiles D\u00e9finir en 5 lignes en quoi consiste cet axe de travail : Les banques install\u00e9es en France g\u00e8rent un actif \u00e9gal \u00e0 3 fois le PIB de la France. Il s&#8217;agit principalement de notre argent. 99 % des m\u00e9nages dans l&#8217;Etat fran\u00e7ais ont un compte en banque. C&#8217;est d&#8217;ailleurs &hellip; <\/p>\n<p><a class=\"more-link btn\" href=\"https:\/\/bizimugi.eu\/eu\/1-objectifs-et-projets-dactions\/\">Continue reading<\/a><\/p>\n","protected":false},"author":7,"featured_media":0,"parent":0,"menu_order":0,"comment_status":"closed","ping_status":"closed","template":"","meta":{"amp_status":"","footnotes":""},"_links":{"self":[{"href":"https:\/\/bizimugi.eu\/eu\/wp-json\/wp\/v2\/pages\/26623"}],"collection":[{"href":"https:\/\/bizimugi.eu\/eu\/wp-json\/wp\/v2\/pages"}],"about":[{"href":"https:\/\/bizimugi.eu\/eu\/wp-json\/wp\/v2\/types\/page"}],"author":[{"embeddable":true,"href":"https:\/\/bizimugi.eu\/eu\/wp-json\/wp\/v2\/users\/7"}],"replies":[{"embeddable":true,"href":"https:\/\/bizimugi.eu\/eu\/wp-json\/wp\/v2\/comments?post=26623"}],"version-history":[{"count":0,"href":"https:\/\/bizimugi.eu\/eu\/wp-json\/wp\/v2\/pages\/26623\/revisions"}],"wp:attachment":[{"href":"https:\/\/bizimugi.eu\/eu\/wp-json\/wp\/v2\/media?parent=26623"}],"curies":[{"name":"wp","href":"https:\/\/api.w.org\/{rel}","templated":true}]}}