{"id":26620,"date":"2011-05-27T16:31:29","date_gmt":"2011-05-27T14:31:29","guid":{"rendered":"https:\/\/bizimugi.eu\/banketik-accueil"},"modified":"2011-05-27T16:31:29","modified_gmt":"2011-05-27T14:31:29","slug":"banketik-accueil","status":"publish","type":"page","link":"https:\/\/bizimugi.eu\/eu\/talde-tematikoak\/banketik\/banketik-accueil\/","title":{"rendered":"Banketik accueil"},"content":{"rendered":"<p>Mouvement \u00c9cologique et Altermondialiste, BIZI! ne pouvait se d\u00e9sint\u00e9resser des questions touchant au <a href=\"https:\/\/bizimugi.eu\/?p=3839\">secteur de la finance<\/a> notamment du fait que les projets d&#8217;une certaine importance (que nous approuvons ou que nous d\u00e9non\u00e7ons) n\u00e9cessitent un apport financier.\u00a0 Il convient donc de se poser la question de savoir ce que la banque fait de mon argent.<br \/>\n<strong>L&#8217;argent de ma banque sert-il \u00e0 financer des projets \u00e9cologiquement ou socialement responsables ou au contraire destructeurs pour l&#8217;environnement et les hommes ?<\/strong><\/p>\n<p>A l&#8217;occasion congr\u00e8s fondateur de BIZI! qui s&#8217;est d\u00e9roul\u00e9 \u00e0 Vera (P\u00e2ques 2010), il a \u00e9t\u00e9 d\u00e9cid\u00e9 de lancer un axe de r\u00e9flexion et d&#8217;action, nous basant notamment sur l&#8217;expertise des Amis de la Terre, de Greenpeace, d&#8217;Attac etc. pour \u00e9valuer la nocivit\u00e9 des banques (ou \u00e0 l&#8217;inverse leurs pr\u00e9occupations \u00e9thiques). Les Amis de la Terre ont publi\u00e9 des plaquettes sur ces th\u00e8mes et ont \u00e9tabli en liaison avec Bank Track un classement des banques.<br \/>\nLe groupe de travail qui a pris le nom de Banketik a donc travaill\u00e9 \u00e0 des visuels (affiches, tracts, autocollants), \u00e0\u00a0 une plaquette simplifi\u00e9e pour sensibiliser les citoyens, a organis\u00e9 une soir\u00e9e d\u00e9bat avec le cin\u00e9ma l&#8217;Atalante, suite \u00e0 la projection du\u00a0 film <strong>&#8220;Moi, la finance et le d\u00e9veloppement durable&#8221; de Jocelyne Lemaire Darnaud<\/strong>, a particip\u00e9 \u00e0 des actions spectaculaires et non violentes, conform\u00e9ment \u00e0 l&#8217;esprit de BIZI! pour sensibiliser l&#8217;opinion sur le fait que le choix d&#8217;une banque n&#8217;est pas anodin.<\/p>\n<p style=\"text-align: center\"><img decoding=\"async\" alt=\"\" src=\"https:\/\/bizimugi.eu\/pics\/que_font_les_banques_de_notre_argent.jpg\" \/><br \/>\n<a href=\"https:\/\/bizimugi.eu\/docs\/que_font_les_banques_de_notre_argent.pdf\"><span style=\"color: #008047\">[t\u00e9l\u00e9charger]<\/span><\/a> <a href=\"http:\/\/issuu.com\/bizimugi\/docs\/que_font__les_banques_de_notre_argent?mode=embed&amp;backgroundColor=000000&amp;layout=http:\/\/skin.issuu.com\/v\/color\/layout.xml\" target=\"blank\"><span style=\"color: #008047\">[consulter en ligne]<\/span><\/a><\/p>\n<p>Dans le classement des Amis de la Terre, il est clair que la <strong>NEF et le Cr\u00e9dit Coop\u00e9ratif <\/strong>m\u00e9ritent d&#8217;\u00eatre mis en valeur pour leurs pr\u00e9occupations \u00e9thiques. En particulier la NEF, qui, malheureusement ne peut offrir tous les services bancaires. Il s&#8217;est av\u00e9r\u00e9 que le Cr\u00e9dit Coop\u00e9ratif sollicit\u00e9 par plusieurs personnes, suite \u00e0 nos campagnes, n&#8217;a pas \u00e9t\u00e9 en mesure de r\u00e9pondre parfaitement aux attentes des nouveaux clients, non pas du fait d&#8217;un manque de bonne volont\u00e9, mais d&#8217;un manque d&#8217;effectif.<br \/>\nBanketik a d\u00e9cid\u00e9 en accord avec le responsable local du C.C de faire pression aupr\u00e8s de la hi\u00e9rarchie pour que les conditions d&#8217;accueil soient am\u00e9lior\u00e9s par la cr\u00e9ation de nouveaux emplois.<br \/>\nA l&#8217;occasion du village Alernatiba du 10\/10\/10 un stand Banketik a \u00e9t\u00e9 mis en place et un d\u00e9bat fructueux lanc\u00e9 avec des acteurs de l&#8217;\u00e9conomie sociale et solidaire. Voir le d\u00e9tail de ces actions dans les pages suivantes&#8230;<\/p>\n<p><strong>Op\u00e9ration nettoyage au Cr\u00e9dit Agricole<\/strong> <em>(cliquez sur l&#8217;image pour plus d&#8217;infos)<\/em><br \/>\n<a href=\"https:\/\/bizimugi.eu\/?p=2114\"><img decoding=\"async\" class=\"aligncenter\" alt=\"\" src=\"https:\/\/bizimugi.eu\/wp-content\/uploads\/2010\/07\/3-1024x768.jpg\" height=\"200px\" \/><\/a><\/p>\n<p><strong>Contre les investissements radioactifs : Op\u00e9ration d\u00e9contamination de Bizi ! \u00e0 la BNP de Bayonne<\/strong> <em>(cliquez sur l&#8217;image pour plus d&#8217;infos)<\/em><br \/>\n<a href=\"https:\/\/bizimugi.eu\/?p=2680\"><img decoding=\"async\" class=\"aligncenter\" alt=\"\" src=\"https:\/\/bizimugi.eu\/wp-content\/uploads\/2010\/10\/BanderolePublicGuichet-300x225.jpg\" height=\"200px\" \/><\/a><\/p>\n<p><strong>Rassemblement unitaire anti-nucl\u00e9aire devant la BNP \u00e0 Bayonne<\/strong> <em>(cliquez sur l&#8217;image pour plus d&#8217;infos)<\/em><br \/>\n<a href=\"https:\/\/bizimugi.eu\/?p=3196\"><img decoding=\"async\" class=\"aligncenter\" alt=\"\" src=\"https:\/\/bizimugi.eu\/wp-content\/uploads\/2011\/03\/Affiche-300x225.jpg\" height=\"200px\" \/><\/a><\/p>\n<p><strong>D\u00e9tournements de publicit\u00e9s de la Soci\u00e9t\u00e9 G\u00e9n\u00e9rale<\/strong> <em>(cliquez sur l&#8217;image pour plus d&#8217;infos)<\/em><br \/>\n<a href=\"https:\/\/bizimugi.eu\/?p=3247\"><img decoding=\"async\" class=\"aligncenter\" alt=\"\" src=\"https:\/\/bizimugi.eu\/wp-content\/uploads\/2011\/04\/DSCF3071-300x225.jpg\" height=\"200px\" \/><\/a><\/p>\n<p><strong>D\u00e9tournements de la campagne de communication de la Soci\u00e9t\u00e9 G\u00e9n\u00e9rale<\/strong> <em>(cliquez sur l&#8217;image pour plus d&#8217;infos)<\/em><br \/>\n<a href=\"https:\/\/bizimugi.eu\/?p=3317\"><img decoding=\"async\" class=\"aligncenter\" alt=\"\" src=\"https:\/\/bizimugi.eu\/pics\/socgen2-3.jpg\" height=\"200px\" \/><\/a><\/p>\n<p><strong>Par ailleurs, il existe des autocollants qui rejoignent notre pens\u00e9e :<\/strong><br \/>\n<a href=\"https:\/\/bizimugi.eu\/pics\/boikot.jpg\"><img decoding=\"async\" class=\"aligncenter\" alt=\"\" src=\"https:\/\/bizimugi.eu\/pics\/boikot.jpg\" height=\"200px\" \/><\/a><\/p>\n<p><a href=\"https:\/\/bizimugi.eu\/?page_id=3570\">1 \u2013 Objectifs et projets d\u2019actions de l&#8217;axe de travail \u00ab banques fossiles \u00bb, congr\u00e8s de Vera &#8211; <\/a><\/p>\n<p><a href=\"https:\/\/bizimugi.eu\/?page_id=3580\">2 \u2013 Nos actions contre les banques irresponsables<\/a><\/p>\n<p><a href=\"https:\/\/bizimugi.eu\/?page_id=3584\">3 \u2013 Pourquoi et comment opter pour une banque \u00e9thique?<\/a><\/p>\n<p><a href=\"https:\/\/bizimugi.eu\/?page_id=3588\">4a &#8211; Changer de banque est-ce compliqu\u00e9 ? T\u00e9moignages et conseils\u2026<\/a><\/p>\n<p>4b &#8211; lettres-types<\/p>\n<p><a href=\"https:\/\/bizimugi.eu\/?page_id=3591\">5 \u2013 La finance solidaire, qu&#8217;est-ce que c&#8217;est? Le label finansol&#8230;<\/a><\/p>\n<p><a href=\"https:\/\/bizimugi.eu\/?page_id=3594\">6 \u2013 Pol\u00e9mique autour de la finance socialement responsable<\/a><\/p>\n<p><a href=\"https:\/\/bizimugi.eu\/?page_id=3598\">7 \u2013 Pour en savoir plus sur la finance irresponsable&#8230;<\/a><\/p>\n<p><a href=\"https:\/\/bizimugi.eu\/?page_id=3601\">Liens : &#8211; Plaquettes des Amis de la Terre, guide de la mobilit\u00e9 bancaire, vid\u00e9o Greenpeace, action contre la BNP et ses investissements nucl\u00e9aires, les paradis fiscaux etc.<\/a><\/p>\n","protected":false},"excerpt":{"rendered":"<p>Mouvement \u00c9cologique et Altermondialiste, BIZI! ne pouvait se d\u00e9sint\u00e9resser des questions touchant au secteur de la finance notamment du fait que les projets d&#8217;une certaine importance (que nous approuvons ou que nous d\u00e9non\u00e7ons) n\u00e9cessitent un apport financier.\u00a0 Il convient donc de se poser la question de savoir ce que la banque fait de mon argent. &hellip; <\/p>\n<p><a class=\"more-link btn\" href=\"https:\/\/bizimugi.eu\/eu\/talde-tematikoak\/banketik\/banketik-accueil\/\">Continue reading<\/a><\/p>\n","protected":false},"author":7,"featured_media":26621,"parent":26710,"menu_order":0,"comment_status":"closed","ping_status":"closed","template":"","meta":{"amp_status":"","footnotes":""},"_links":{"self":[{"href":"https:\/\/bizimugi.eu\/eu\/wp-json\/wp\/v2\/pages\/26620"}],"collection":[{"href":"https:\/\/bizimugi.eu\/eu\/wp-json\/wp\/v2\/pages"}],"about":[{"href":"https:\/\/bizimugi.eu\/eu\/wp-json\/wp\/v2\/types\/page"}],"author":[{"embeddable":true,"href":"https:\/\/bizimugi.eu\/eu\/wp-json\/wp\/v2\/users\/7"}],"replies":[{"embeddable":true,"href":"https:\/\/bizimugi.eu\/eu\/wp-json\/wp\/v2\/comments?post=26620"}],"version-history":[{"count":0,"href":"https:\/\/bizimugi.eu\/eu\/wp-json\/wp\/v2\/pages\/26620\/revisions"}],"up":[{"embeddable":true,"href":"https:\/\/bizimugi.eu\/eu\/wp-json\/wp\/v2\/pages\/26710"}],"wp:featuredmedia":[{"embeddable":true,"href":"https:\/\/bizimugi.eu\/eu\/wp-json\/wp\/v2\/media\/26621"}],"wp:attachment":[{"href":"https:\/\/bizimugi.eu\/eu\/wp-json\/wp\/v2\/media?parent=26620"}],"curies":[{"name":"wp","href":"https:\/\/api.w.org\/{rel}","templated":true}]}}