{"id":26612,"date":"2011-04-04T15:25:19","date_gmt":"2011-04-04T13:25:19","guid":{"rendered":"https:\/\/bizimugi.eu\/kapitalismoa-nundik-da-irteera-foroa"},"modified":"2011-04-04T15:25:19","modified_gmt":"2011-04-04T13:25:19","slug":"kapitalismoa-nundik-da-irteera-foroa","status":"publish","type":"page","link":"https:\/\/bizimugi.eu\/eu\/kapitalismoa-nundik-da-irteera-foroa\/","title":{"rendered":"Kapitalismoa, nundik da irteera ? foroa"},"content":{"rendered":"<p><strong>Foroaren egitarau zehatza:<\/strong> klika ezazu irudiaren gainean bere haunditzeko<br \/>\n<a href=\"https:\/\/bizimugi.eu\/pics\/forum_tract_recto.jpg\"><img decoding=\"async\" class=\"aligncenter\" src=\"https:\/\/bizimugi.eu\/pics\/forum_tract_recto_small.jpg\"\/><\/a><br \/>\n<a href=\"https:\/\/bizimugi.eu\/pics\/forum_tract_verso.jpg\"><img decoding=\"async\" class=\"aligncenter\" src=\"https:\/\/bizimugi.eu\/pics\/forum_tract_verso_small.jpg\"\/><\/a><\/p>\n<p><strong>Laguntzaileen izen emaite fitxa (maiatzaren 1a) :<\/strong><br \/>\n<a href=\"https:\/\/bizimugi.eu\/docs\/[web]laguntzaile_fitxa_forum.doc\"><img decoding=\"async\" src=\"https:\/\/bizimugi.eu\/pics\/word.jpg\"\/><\/a><\/p>\n<p><strong>Afitxa :<\/strong><br \/>\n<a href=\"https:\/\/bizimugi.eu\/pics\/forum_afitxa_xab.jpg\"><img decoding=\"async\" src=\"https:\/\/bizimugi.eu\/pics\/forum_afitxa_web.jpg\" height=\"250px\"\/><\/a><\/p>\n<p><strong>Foroaren logoa:<\/strong><br \/>\n<a href=\"https:\/\/bizimugi.eu\/pics\/forum_logo_eu.jpg\"><img decoding=\"async\" src=\"https:\/\/bizimugi.eu\/pics\/forum_logo_eu_small.jpg\" height=\"250px\"\/><\/a><\/p>\n<p><strong>Afitxa egiteko oinarria:<\/strong><br \/>\n<a href=\"https:\/\/bizimugi.eu\/pics\/forum_fond_affiche.jpg\"><img decoding=\"async\" src=\"https:\/\/bizimugi.eu\/pics\/forum_fond_affiche_small.jpg\" height=\"250px\"\/><\/a><br \/>\nPhotoshop : <a href=\"https:\/\/bizimugi.eu\/pics\/forum_fond_affiche.psd\"><img decoding=\"async\" src=\"https:\/\/bizimugi.eu\/pics\/psd.png\" height=\"30px\"\/><\/a><\/p>\n<p><strong>Hitzartzaileen argazkiak:<\/strong><br \/>\n<a href=\"https:\/\/bizimugi.eu\/misc\/photos_personnalites_forum.zip\"><img decoding=\"async\" src=\"https:\/\/bizimugi.eu\/pics\/zip.gif\" height=\"30px\"\/><\/a><\/p>\n<p><strong>Affiches des conf\u00e9rences :<\/strong><br \/>\n&#8211; Apirilaren 15a Jos\u00e9 Bov\u00e9-rekin:<br \/>\n<img decoding=\"async\" src=\"https:\/\/bizimugi.eu\/pics\/affiche_bove_1504.jpg\" height=\"300px\"\/><br \/>\n<a href=\"https:\/\/bizimugi.eu\/pics\/affiche_bove_1504.jpg\"><span style=\"color: #088047;\">kalitate ttipia<\/span><\/a> &#8211; <a href=\"https:\/\/bizimugi.eu\/pics\/affiche_bove_1504.pdf\"><span style=\"color: #088047;\">kalitate handia<\/span><\/a><\/p>\n<p>&#8211; Apirilaren 19a Paul Ari\u00e8s-ekin:<br \/>\n<img decoding=\"async\" src=\"https:\/\/bizimugi.eu\/pics\/affiche_aries_1904.jpg\" height=\"300px\"\/><br \/>\n<a href=\"https:\/\/bizimugi.eu\/pics\/affiche_aries_1904.jpg\"><span style=\"color: #088047;\">kalitate ttipia<\/span><\/a> &#8211; <a href=\"https:\/\/bizimugi.eu\/pics\/affiche_aries_1904.pdf\"><span style=\"color: #088047;\">kalitate handia<\/span><\/a><\/p>\n<p>&#8211; Apirilaren 21a Trantsizioan diren lurraldeak:<br \/>\n<img decoding=\"async\" src=\"https:\/\/bizimugi.eu\/pics\/affiche_doray_2104.jpg\" height=\"300px\"\/><br \/>\n<a href=\"https:\/\/bizimugi.eu\/pics\/affiche_doray_2104.jpg\"><span style=\"color: #088047;\">kalitate ttipia<\/span><\/a> &#8211; <a href=\"https:\/\/bizimugi.eu\/pics\/affiche_doray_2104.pdf\"><span style=\"color: #088047;\">kalitate handia<\/span><\/a><\/p>\n<p>&#8211; Apirilaren 22a hitzaldi kinkia:<br \/>\n<img decoding=\"async\" src=\"https:\/\/bizimugi.eu\/pics\/affiche_doray_2204.jpg\" height=\"300px\"\/><br \/>\n<a href=\"https:\/\/bizimugi.eu\/pics\/affiche_doray_2204.jpg\"><span style=\"color: #088047;\">kalitate ttipia<\/span><\/a> &#8211; <a href=\"https:\/\/bizimugi.eu\/pics\/affiche_doray_2204.pdf\"><span style=\"color: #088047;\">kalitate handia<\/span><\/a><\/p>\n<p>&#8211; Apirilaren 22a tokiko dirua:<br \/>\n<img decoding=\"async\" src=\"https:\/\/bizimugi.eu\/pics\/affiche_lenoble_2204.jpg\" height=\"300px\"\/><br \/>\n<a href=\"https:\/\/bizimugi.eu\/pics\/affiche_lenoble_2204.jpg\"><span style=\"color: #088047;\">kalitate ttipia<\/span><\/a> &#8211; <a href=\"https:\/\/bizimugi.eu\/pics\/affiche_lenoble_2204.pdf\"><span style=\"color: #088047;\">kalitate handia<\/span><\/a><\/p>\n<p>&#8211; Apirilaren 23a energia-klima bihurgune plano bat xiberoan:<br \/>\n<img decoding=\"async\" src=\"https:\/\/bizimugi.eu\/pics\/affiche_doray_2304.jpg\" height=\"300px\"\/><br \/>\n<a href=\"https:\/\/bizimugi.eu\/pics\/affiche_doray_2304.jpg\"><span style=\"color: #088047;\">kalitate ttipia<\/span><\/a> &#8211; <a href=\"https:\/\/bizimugi.eu\/pics\/affiche_doray_2304.pdf\"><span style=\"color: #088047;\">kalitate handia<\/span><\/a><\/p>\n<p>&#8211; Apirilaren 28a estrategia altemundialista:<br \/>\n<img decoding=\"async\" src=\"https:\/\/bizimugi.eu\/pics\/affiche_massiah_2804.jpg\" height=\"300px\"\/><br \/>\n<a href=\"https:\/\/bizimugi.eu\/pics\/affiche_massiah_2804.jpg\"><span style=\"color: #088047;\">kalitate ttipia<\/span><\/a> &#8211; <a href=\"https:\/\/bizimugi.eu\/pics\/affiche_massiah_2804.pdf\"><span style=\"color: #088047;\">kalitate handia<\/span><\/a><\/p>\n<p>&#8211; Apirilaren 29a osoko hitzaldia:<br \/>\n<img decoding=\"async\" src=\"https:\/\/bizimugi.eu\/pics\/affiche_pleniere_2904.jpg\" height=\"300px\"\/><br \/>\n<a href=\"https:\/\/bizimugi.eu\/pics\/affiche_pleniere_2904.jpg\"><span style=\"color: #088047;\">kalitate ttipia<\/span><\/a> &#8211; <a href=\"https:\/\/bizimugi.eu\/pics\/affiche_pleniere_2904.pdf\"><span style=\"color: #088047;\">kalitate handia<\/span><\/a><\/p>\n<p>&#8211; 30 avril &#8220;Eta alta, existitzen da!&#8221; :<br \/>\n<img decoding=\"async\" src=\"https:\/\/bizimugi.eu\/pics\/affiche_combes_3004.jpg\" height=\"300px\"\/><br \/>\n<a href=\"https:\/\/bizimugi.eu\/pics\/affiche_combes_3004.jpg\"><span style=\"color: #088047;\">basse r\u00e9solution<\/span><\/a> &#8211; <a href=\"https:\/\/bizimugi.eu\/pics\/affiche_combes_3004.pdf\"><span style=\"color: #088047;\">haute r\u00e9solution<\/span><\/a><\/p>\n<p>&#8211; 30 avril &#8220;Hasten gira, orain eta hemen&#8221; :<br \/>\n<img decoding=\"async\" src=\"https:\/\/bizimugi.eu\/pics\/affiche_imanol_3004.jpg\" height=\"300px\"\/><br \/>\n<a href=\"https:\/\/bizimugi.eu\/pics\/affiche_imanol_3004.jpg\"><span style=\"color: #088047;\">basse r\u00e9solution<\/span><\/a> &#8211; <a href=\"https:\/\/bizimugi.eu\/pics\/affiche_imanol_3004.pdf\"><span style=\"color: #088047;\">haute r\u00e9solution<\/span><\/a><\/p>\n<p>&#8211; Apirilaren 30a Atalante-an:<br \/>\n<img decoding=\"async\" src=\"https:\/\/bizimugi.eu\/pics\/affiche_utopie_3004.jpg\" height=\"300px\"\/><br \/>\n<a href=\"https:\/\/bizimugi.eu\/pics\/affiche_utopie_3004.jpg\"><span style=\"color: #088047;\">kalitate ttipia<\/span><\/a> &#8211; <a href=\"https:\/\/bizimugi.eu\/pics\/affiche_utopie_3004.pdf\"><span style=\"color: #088047;\">kalitate handia<\/span><\/a><\/p>\n<p>&#8211; Maiatzaren 1an manifa:<br \/>\n<img decoding=\"async\" src=\"https:\/\/bizimugi.eu\/pics\/affiche_0105.jpg\" height=\"300px\"\/><br \/>\n<a href=\"https:\/\/bizimugi.eu\/pics\/affiche_0105.jpg\"><span style=\"color: #088047;\">kalitate ttipia<\/span><\/a> &#8211; <a href=\"https:\/\/bizimugi.eu\/pics\/affiche_0105.pdf\"><span style=\"color: #088047;\">kalitate handia<\/span><\/a><\/p>\n<p>&#8211; Maiatzaren 1eko egitaraua:<br \/>\n<img decoding=\"async\" src=\"https:\/\/bizimugi.eu\/pics\/programme_1mai_eu.jpg\" height=\"300px\"\/><br \/>\n<a href=\"https:\/\/bizimugi.eu\/pics\/programme_1mai_eu.jpg\"><span style=\"color: #088047;\">kalitate ttipia<\/span><\/a> &#8211; <a href=\"https:\/\/bizimugi.eu\/pics\/programme_1mai_eu.pdf\"><span style=\"color: #088047;\">kalitate handia<\/span><\/a><\/p>\n","protected":false},"excerpt":{"rendered":"<p>Foroaren egitarau zehatza: klika ezazu irudiaren gainean bere haunditzeko Laguntzaileen izen emaite fitxa (maiatzaren 1a) : Afitxa : Foroaren logoa: Afitxa egiteko oinarria: Photoshop : Hitzartzaileen argazkiak: Affiches des conf\u00e9rences : &#8211; Apirilaren 15a Jos\u00e9 Bov\u00e9-rekin: kalitate ttipia &#8211; kalitate handia &#8211; Apirilaren 19a Paul Ari\u00e8s-ekin: kalitate ttipia &#8211; kalitate handia &#8211; Apirilaren 21a Trantsizioan &hellip; <\/p>\n<p><a class=\"more-link btn\" href=\"https:\/\/bizimugi.eu\/eu\/kapitalismoa-nundik-da-irteera-foroa\/\">Continue reading<\/a><\/p>\n","protected":false},"author":6,"featured_media":0,"parent":0,"menu_order":0,"comment_status":"closed","ping_status":"closed","template":"","meta":{"amp_status":"","footnotes":""},"_links":{"self":[{"href":"https:\/\/bizimugi.eu\/eu\/wp-json\/wp\/v2\/pages\/26612"}],"collection":[{"href":"https:\/\/bizimugi.eu\/eu\/wp-json\/wp\/v2\/pages"}],"about":[{"href":"https:\/\/bizimugi.eu\/eu\/wp-json\/wp\/v2\/types\/page"}],"author":[{"embeddable":true,"href":"https:\/\/bizimugi.eu\/eu\/wp-json\/wp\/v2\/users\/6"}],"replies":[{"embeddable":true,"href":"https:\/\/bizimugi.eu\/eu\/wp-json\/wp\/v2\/comments?post=26612"}],"version-history":[{"count":0,"href":"https:\/\/bizimugi.eu\/eu\/wp-json\/wp\/v2\/pages\/26612\/revisions"}],"wp:attachment":[{"href":"https:\/\/bizimugi.eu\/eu\/wp-json\/wp\/v2\/media?parent=26612"}],"curies":[{"name":"wp","href":"https:\/\/api.w.org\/{rel}","templated":true}]}}