{"id":26558,"date":"2009-07-01T15:58:43","date_gmt":"2009-07-01T13:58:43","guid":{"rendered":"https:\/\/bizimugi.eu\/nor-gira"},"modified":"2025-01-17T12:04:41","modified_gmt":"2025-01-17T11:04:41","slug":"nor-gira","status":"publish","type":"page","link":"https:\/\/bizimugi.eu\/eu\/nor-gira\/","title":{"rendered":"Nor gira?"},"content":{"rendered":"<div id=\"publitas-embed-kno6ycbfq6\"><\/div>\n<p><script data-cfasync=\"false\" data-height=\"undefined\" data-publication=\"https:\/\/view.publitas.com\/p222-10763\/tout_sur_bizi-eus1\/\" data-publication-aspect-ratio=\"1.4143007360672977\" data-responsive=\"true\" data-width=\"undefined\" data-wrapper-id=\"publitas-embed-kno6ycbfq6\" publitas-embed src=\"https:\/\/view.publitas.com\/embed.js\" type=\"text\/javascript\"><\/script><\/p>\n<p>Oraiko krisia ekologikoak (klimaren aldaketak, energia fosil eta lehengai eskuragarrien eskasteak, biodibertsitatearen gainbehera kezkagarriak, etab.) Lurraren mugekin buruz buru emaiten gaitu.<\/p>\n<p>Ekonomia kapitalista eta gure garapen eredu produktibista baliabide harrapaketaren eta norbanakoen, biztanleriaren, komunitateen, Estatuen eta kolektibitateen arteko lehiaren gainean eraikiak dira.<br \/>\nLogika horrek serioski kaltetu ditu gure planeta eta haren oreka haundiak, eta orain gure jendarteen eta bizidunen munduaren parte garrantzitsu baten geroa bera mehatxatzen ditu.<br \/>\nErronkak argiak dira, ezagutuak eta zenbatuak. Eta bereziki, dena orain jokatzen da.<\/p>\n<p>Bizi! mugimenduaren ekintza eremu nagusia Ipar Euskal Herria da. Bizi! nazio arte mailako mugimendu altermundialistan osoki kokatzen da.<br \/>\nGure ekintza kultur aniztasunaren borrokaren baitan naturalki sartzen da. Gure komunikazioa, elebiduna da, euskara\/frantsesa.<br \/>\nGaur egun planeta eta gizadiak aitzinean dituzten erronka handien heineko ekintza eta mobilizazio determinatuak garatu nahi ditugu estrategia klandestino edo ekintza bortitz oro argiki baztertuz.<br \/>\nBizi! mugimenduak ez du nehundik ere alderdi politiko baten eta oraindik guttiago podere publikoen menpe egon nahi.<br \/>\n<strong><span style=\"color: #008000;\">&#8211; ARGAZKIAK:<\/span><\/strong><\/p>\n<p><center><!-- #flickr_badge_source_txt {padding:0; font: 11px Arial, Helvetica, Sans serif; color:#666666;} #flickr_badge_icon {display:block !important; margin:0 !important; border: 1px solid rgb(0, 0, 0) !important;} #flickr_icon_td {padding:0 5px 0 0 !important;} .flickr_badge_image {text-align:center !important;} .flickr_badge_image img {border: 1px solid black !important;} #flickr_www {display:block; text-align:left; padding:0 10px 0 10px !important; font: 11px Arial, Helvetica, Sans serif !important; color:#3993ff !important;} #flickr_badge_uber_wrapper a:hover, #flickr_badge_uber_wrapper a:link, #flickr_badge_uber_wrapper a:active, #flickr_badge_uber_wrapper a:visited {text-decoration:none !important; background:inherit !important;color:#3993ff;} #flickr_badge_wrapper {} #flickr_badge_source {padding:0 !important; font: 11px Arial, Helvetica, Sans serif !important; color:#666666 !important;} --><\/center><\/p>\n<table border=\"0\" cellspacing=\"0\" cellpadding=\"0\">\n<tbody>\n<tr>\n<td id=\"flickr_icon_td\" width=\"10\"><a href=\"http:\/\/www.flickr.com\/photos\/46770041@N05\/\"><img loading=\"lazy\" decoding=\"async\" id=\"flickr_badge_icon\" src=\"http:\/\/farm2.static.flickr.com\/1222\/buddyicons\/46770041@N05.jpg?1277425775#46770041@N05\" alt=\"https:\/\/bizimugi.eu\/ \u00e9l\u00e9ments\" width=\"48\" height=\"48\" align=\"left\" \/><\/a><\/td>\n<td id=\"flickr_badge_source_txt\"><strong>Bizi!ren argazkitegira joaiteko, klika:<\/strong> <a href=\"http:\/\/www.flickr.com\/photos\/46770041@N05\/sets\/\"><strong>hemen<\/strong><\/a><\/td>\n<\/tr>\n<\/tbody>\n<\/table>\n<h1 style=\"text-align: center;\"><\/h1>\n<div id=\"publitas-embed-ve8val0qeu\"><\/div>\n<p><script data-cfasync=\"false\" data-height=\"undefined\" data-publication=\"https:\/\/view.publitas.com\/p222-10763\/sustraiak-ta-hegalak\/\" data-publication-aspect-ratio=\"1.4142857657384746\" data-responsive=\"true\" data-width=\"undefined\" data-wrapperid=\"publitas-embed-ve8val0qeu\" publitas-embed=\"\" src=\"https:\/\/view.publitas.com\/embed.js\" type=\"text\/javascript\"><\/script><\/p>\n<h2><span style=\"color: #008000;\">Ekintzen bilana<\/span><\/h2>\n<ul>\n<li><strong>Bizi!-ren 11. urtearen ekintzen bilana. <\/strong>2019-2020 <a href=\"https:\/\/bizimugi.eu\/wp-content\/uploads\/2020\/06\/Bilan-moral.pdf\" target=\"_blank\" rel=\"noopener noreferrer\"><img loading=\"lazy\" decoding=\"async\" class=\"alignnone\" title=\"Bilan de Bizi 2013\" src=\"https:\/\/bizimugi.eu\/wp-content\/uploads\/2012\/02\/pdf-icon_small.png\" alt=\"\" width=\"51\" height=\"51\" \/> <\/a>edo diaporama <a href=\"https:\/\/bizimugi.eu\/wp-content\/uploads\/2020\/06\/AG-BIZI-2020-PP.pdf\" target=\"_blank\" rel=\"noopener noreferrer\"><img loading=\"lazy\" decoding=\"async\" class=\"alignnone\" title=\"Bilan de Bizi 2013\" src=\"https:\/\/bizimugi.eu\/wp-content\/uploads\/2012\/02\/pdf-icon_small.png\" alt=\"\" width=\"51\" height=\"51\" \/><\/a><\/li>\n<li><strong>Bizi!-ren 10. urtearen ekintzen bilana<\/strong>.\u00a02018 &#8211; 2019 <a href=\"https:\/\/bizimugi.eu\/wp-content\/uploads\/2019\/04\/Notes-pour-le-Bilan-moral-2019.pdf\" target=\"_blank\" rel=\"noopener noreferrer\"><img loading=\"lazy\" decoding=\"async\" class=\"alignnone\" title=\"Bilan de Bizi 2013\" src=\"https:\/\/bizimugi.eu\/wp-content\/uploads\/2012\/02\/pdf-icon_small.png\" alt=\"\" width=\"51\" height=\"51\" \/><\/a>edo diaporama\u00a0<a href=\"https:\/\/bizimugi.eu\/wp-content\/uploads\/2019\/04\/AG-BIZI-2019-PP.pdf\" target=\"_blank\" rel=\"noopener noreferrer\"><img loading=\"lazy\" decoding=\"async\" class=\"alignnone\" title=\"Bilan de Bizi 2013\" src=\"https:\/\/bizimugi.eu\/wp-content\/uploads\/2012\/02\/pdf-icon_small.png\" alt=\"\" width=\"51\" height=\"51\" \/><\/a><\/li>\n<li><strong>Bizi!-ren 9. urtearen ekintzen bilana<\/strong>.\u00a02017 &#8211; 2018 <a href=\"https:\/\/bizimugi.eu\/wp-content\/uploads\/2018\/07\/Compte-rendu-AG-2017-2018.pdf\" target=\"_blank\" rel=\"noopener noreferrer\"><img loading=\"lazy\" decoding=\"async\" class=\"alignnone\" title=\"Bilan de Bizi 2013\" src=\"https:\/\/bizimugi.eu\/wp-content\/uploads\/2012\/02\/pdf-icon_small.png\" alt=\"\" width=\"51\" height=\"51\" \/><\/a>edo diaporama\u00a0<a href=\"https:\/\/bizimugi.eu\/wp-content\/uploads\/2018\/07\/AG-BIZI-2018.pdf\" target=\"_blank\" rel=\"noopener noreferrer\"><img loading=\"lazy\" decoding=\"async\" class=\"alignnone\" title=\"Bilan de Bizi 2013\" src=\"https:\/\/bizimugi.eu\/wp-content\/uploads\/2012\/02\/pdf-icon_small.png\" alt=\"\" width=\"51\" height=\"51\" \/><\/a><\/li>\n<li><strong>Bizi!-ren 8. urtearen ekintzen bilana<\/strong>.\u00a02016 &#8211; 2017<a href=\"https:\/\/view.publitas.com\/p222-10763\/bilan-moral-bizi-2016-2017-1\/\" target=\"_blank\" rel=\"noopener noreferrer\"><img loading=\"lazy\" decoding=\"async\" class=\"alignnone\" title=\"Bilan de Bizi 2013\" src=\"https:\/\/bizimugi.eu\/wp-content\/uploads\/2012\/02\/pdf-icon_small.png\" alt=\"\" width=\"51\" height=\"51\" \/><\/a><\/li>\n<\/ul>\n<ul>\n<li><strong>Bizi!-ren 7. urtearen ekintzen bilana<\/strong>.\u00a02015 &#8211; 2016<a href=\"https:\/\/view.publitas.com\/p222-10763\/16-04-16-bilan-moral-ag-bizi-2016-liste-des-activite-us\/\" target=\"_blank\" rel=\"noopener noreferrer\"><img loading=\"lazy\" decoding=\"async\" class=\"alignnone\" title=\"Bilan de Bizi 2013\" src=\"https:\/\/bizimugi.eu\/wp-content\/uploads\/2012\/02\/pdf-icon_small.png\" alt=\"\" width=\"51\" height=\"51\" \/><\/a><\/li>\n<\/ul>\n<ul>\n<li><strong>Bizi!-ren 6. urtearen ekintzen bilana<\/strong>.\u00a02014 &#8211; 2015<a href=\"https:\/\/view.publitas.com\/p222-10763\/rapport-moral-2014-2015-complet\/\" target=\"_blank\" rel=\"noopener noreferrer\"><img loading=\"lazy\" decoding=\"async\" class=\"alignnone\" title=\"Bilan de Bizi 2013\" src=\"https:\/\/bizimugi.eu\/wp-content\/uploads\/2012\/02\/pdf-icon_small.png\" alt=\"\" width=\"51\" height=\"51\" \/><\/a><\/li>\n<\/ul>\n<ul>\n<li><strong>Bizi!-ren 5. urtearen ekintzen bilana<\/strong>.\u00a02013 &#8211; 2014<a href=\"https:\/\/bizimugi.eu\/wp-content\/uploads\/2009\/07\/Rapport-moral-2013-2014-complet-light-300dpi.pdf\"><img loading=\"lazy\" decoding=\"async\" title=\"Bilan de Bizi 2013\" src=\"https:\/\/bizimugi.eu\/wp-content\/uploads\/2012\/02\/pdf-icon_small.png\" alt=\"\" width=\"51\" height=\"51\" \/><\/a><\/li>\n<li><strong>Bizi!-ren 4. urtearen ekintzen bilana<\/strong>.\u00a02012 &#8211; 2013\u00a0<a href=\"https:\/\/bizimugi.eu\/wp-content\/uploads\/2009\/07\/Bilan-Bizi-2012-2013.pdf\"><img loading=\"lazy\" decoding=\"async\" title=\"Bilan de Bizi 2013\" src=\"https:\/\/bizimugi.eu\/wp-content\/uploads\/2012\/02\/pdf-icon_small.png\" alt=\"\" width=\"51\" height=\"51\" \/><\/a><\/li>\n<li><strong>Bizi!-ren 3. urtearen ekintzen bilana<\/strong>.\u00a02011 &#8211; 2012\u00a0<a href=\"https:\/\/bizimugi.eu\/wp-content\/uploads\/2012\/03\/Bilan-Bizi-2011-2012-illustr%C3%A9.pdf\"><img loading=\"lazy\" decoding=\"async\" title=\" Bilan chronologique des activit\u00e9s Bizi de l'ann\u00e9e \u00e9coul\u00e9e\" src=\"https:\/\/bizimugi.eu\/wp-content\/uploads\/2012\/02\/pdf-icon_small.png\" alt=\"\" width=\"51\" height=\"51\" \/><\/a><\/li>\n<\/ul>\n<ul>\n<li><strong>Bizi!-ren 2. urtearen ekintzen bilana<\/strong>.\u00a0 2010 &#8211; 2011<a href=\"https:\/\/bizimugi.eu\/wp-content\/uploads\/2012\/07\/Bilan-Bizi-2010-2011.pdf\"><img loading=\"lazy\" decoding=\"async\" title=\" Bilan chronologique des activit\u00e9s Bizi de l'ann\u00e9e \u00e9coul\u00e9e\" src=\"https:\/\/bizimugi.eu\/wp-content\/uploads\/2012\/02\/pdf-icon_small.png\" alt=\"\" width=\"51\" height=\"51\" \/><\/a><\/li>\n<li><strong>Bizi!-ren 1. urtearen ekintzen bilana<\/strong>.\u00a02009 &#8211; 2010\u00a0<a href=\"https:\/\/bizimugi.eu\/docs\/bilan_un_an_bizi.pdf\"><img loading=\"lazy\" decoding=\"async\" title=\" Bilan chronologique des activit\u00e9s Bizi de l'ann\u00e9e \u00e9coul\u00e9e\" src=\"https:\/\/bizimugi.eu\/wp-content\/uploads\/2012\/02\/pdf-icon_small.png\" alt=\"\" width=\"51\" height=\"51\" \/><\/a><\/li>\n<\/ul>\n<h2><span style=\"color: #008000;\">Bizi!-ren estatutuak<\/span><\/h2>\n<p>Azkenean, Bizi!ren ibilmoldeaz hobeki jabetzeko eta estatutuak irakurtzeko, behereko irudian klika dezakezu :<\/p>\n<p><a href=\"https:\/\/bizimugi.eu\/wp-content\/uploads\/2009\/07\/LES-STATUTS-DE-BIZI-version-AG24-mars.pdf\"><br \/>\n<\/a><a href=\"https:\/\/bizimugi.eu\/wp-content\/uploads\/2023\/05\/LES-STATUTS-DE-BIZI-Adopt\u00e9s-\u00e0-lAG-2023.pdf\"><img loading=\"lazy\" decoding=\"async\" class=\"alignnone\" src=\"https:\/\/bizimugi.eu\/wp-content\/uploads\/2012\/02\/pdf-icon_small.png\" alt=\"\" width=\"51\" height=\"51\" \/><\/a><\/p>\n","protected":false},"excerpt":{"rendered":"<p>Oraiko krisia ekologikoak (klimaren aldaketak, energia fosil eta lehengai eskuragarrien eskasteak, biodibertsitatearen gainbehera kezkagarriak, etab.) Lurraren mugekin buruz buru emaiten gaitu. Ekonomia kapitalista eta gure garapen eredu produktibista baliabide harrapaketaren eta norbanakoen, biztanleriaren, komunitateen, Estatuen eta kolektibitateen arteko lehiaren gainean eraikiak dira. Logika horrek serioski kaltetu ditu gure planeta eta haren oreka haundiak, eta orain &hellip; <\/p>\n<p><a class=\"more-link btn\" href=\"https:\/\/bizimugi.eu\/eu\/nor-gira\/\">Continue reading<\/a><\/p>\n","protected":false},"author":1,"featured_media":0,"parent":0,"menu_order":0,"comment_status":"closed","ping_status":"closed","template":"","meta":{"amp_status":"","footnotes":""},"_links":{"self":[{"href":"https:\/\/bizimugi.eu\/eu\/wp-json\/wp\/v2\/pages\/26558"}],"collection":[{"href":"https:\/\/bizimugi.eu\/eu\/wp-json\/wp\/v2\/pages"}],"about":[{"href":"https:\/\/bizimugi.eu\/eu\/wp-json\/wp\/v2\/types\/page"}],"author":[{"embeddable":true,"href":"https:\/\/bizimugi.eu\/eu\/wp-json\/wp\/v2\/users\/1"}],"replies":[{"embeddable":true,"href":"https:\/\/bizimugi.eu\/eu\/wp-json\/wp\/v2\/comments?post=26558"}],"version-history":[{"count":3,"href":"https:\/\/bizimugi.eu\/eu\/wp-json\/wp\/v2\/pages\/26558\/revisions"}],"predecessor-version":[{"id":48224,"href":"https:\/\/bizimugi.eu\/eu\/wp-json\/wp\/v2\/pages\/26558\/revisions\/48224"}],"wp:attachment":[{"href":"https:\/\/bizimugi.eu\/eu\/wp-json\/wp\/v2\/media?parent=26558"}],"curies":[{"name":"wp","href":"https:\/\/api.w.org\/{rel}","templated":true}]}}